{"id":8195,"date":"2023-08-30T16:38:33","date_gmt":"2023-08-30T16:38:33","guid":{"rendered":"https:\/\/kindart.is\/product\/landhelgisgaesla-islands-80-ara\/"},"modified":"2023-08-30T16:40:27","modified_gmt":"2023-08-30T16:40:27","slug":"landhelgisgaesla-islands-80-ara","status":"publish","type":"product","link":"https:\/\/kindart.is\/en\/vara\/landhelgisgaesla-islands-80-ara\/","title":{"rendered":"Landhelgisg\u00e6sla \u00cdslands 80 \u00e1ra"},"content":{"rendered":"<p><strong>Landhelgisg\u00e6sla \u00cdslands 80 \u00e1ra<\/strong>. Afm\u00e6lisrit. Ritnefnd: Georg Kr. L\u00e1russon, Gu\u00f0mundur Hallvar\u00f0sson og ritstj\u00f3ri: J\u00f3n Hjaltason. B\u00f3kin er bundin \u00ed alband, rex\u00edn og gyllt \u00e1 kj\u00f6l og a\u00f0 framan me\u00f0 ramma. St\u00e6r\u00f0: 27.5 X 19.8 cm og 224 bls.<\/p>\n<p><strong>\u00datg\u00e1fa og prentun<\/strong>:<br \/>\n\u00datgefandi: V\u00f6lusp\u00e1 2007 Akureyri \u00ed samvinnu vi\u00f0 Landhelgig\u00e6slu \u00cdslands og Sj\u00f3mannabla\u00f0i\u00f0 V\u00edking. Reykjav\u00edk, Prentun: Prentsmi\u00f0jan Oddi.<\/p>\n","protected":false},"excerpt":{"rendered":"<p>Landhelgisg\u00e6sla \u00cdslands 80 \u00e1ra. Afm\u00e6lisrit. Ritnefnd: Georg Kr. L\u00e1russon, Gu\u00f0mundur Hallvar\u00f0sson og ritstj\u00f3ri: J\u00f3n Hjaltason. B\u00f3kin er bundin \u00ed alband, rex\u00edn og gyllt \u00e1 kj\u00f6l og a\u00f0 framan me\u00f0 ramma. St\u00e6r\u00f0: 27.5 X 19.8 cm og 224 bls. \u00datg\u00e1fa og prentun: \u00datgefandi: V\u00f6lusp\u00e1 2007 Akureyri \u00ed samvinnu vi\u00f0 Landhelgig\u00e6slu \u00cdslands og Sj\u00f3mannabla\u00f0i\u00f0 V\u00edking. Reykjav\u00edk, Prentun: [&hellip;]<\/p>\n","protected":false},"featured_media":8190,"template":"","meta":{"slim_seo":{"title":"Landhelgisg\u00e6sla \u00cdslands 80 \u00e1ra - KindArt","description":"Landhelgisg\u00e6sla \u00cdslands 80 \u00e1ra . Afm\u00e6lisrit. Ritnefnd: Georg Kr. L\u00e1russon, Gu\u00f0mundur Hallvar\u00f0sson og ritstj\u00f3ri: J\u00f3n Hjaltason. B\u00f3kin er bundin \u00ed alband, rex\u00edn o"}},"product_brand":[],"product_cat":[83],"product_tag":[],"class_list":{"0":"post-8195","1":"product","2":"type-product","3":"status-publish","4":"has-post-thumbnail","6":"product_cat-books","7":"product_shipping_class-small-en","9":"first","10":"instock","11":"purchasable","12":"product-type-simple"},"_links":{"self":[{"href":"https:\/\/kindart.is\/en\/wp-json\/wp\/v2\/product\/8195","targetHints":{"allow":["GET"]}}],"collection":[{"href":"https:\/\/kindart.is\/en\/wp-json\/wp\/v2\/product"}],"about":[{"href":"https:\/\/kindart.is\/en\/wp-json\/wp\/v2\/types\/product"}],"wp:featuredmedia":[{"embeddable":true,"href":"https:\/\/kindart.is\/en\/wp-json\/wp\/v2\/media\/8190"}],"wp:attachment":[{"href":"https:\/\/kindart.is\/en\/wp-json\/wp\/v2\/media?parent=8195"}],"wp:term":[{"taxonomy":"product_brand","embeddable":true,"href":"https:\/\/kindart.is\/en\/wp-json\/wp\/v2\/product_brand?post=8195"},{"taxonomy":"product_cat","embeddable":true,"href":"https:\/\/kindart.is\/en\/wp-json\/wp\/v2\/product_cat?post=8195"},{"taxonomy":"product_tag","embeddable":true,"href":"https:\/\/kindart.is\/en\/wp-json\/wp\/v2\/product_tag?post=8195"}],"curies":[{"name":"wp","href":"https:\/\/api.w.org\/{rel}","templated":true}]}}