{"id":8197,"date":"2023-09-03T20:42:27","date_gmt":"2023-09-03T20:42:27","guid":{"rendered":"https:\/\/kindart.is\/?post_type=product&#038;p=8197"},"modified":"2023-09-03T20:42:28","modified_gmt":"2023-09-03T20:42:28","slug":"lomb-med-halsfestar-lambs-with-necklaces-25x25-cm","status":"publish","type":"product","link":"https:\/\/kindart.is\/en\/vara\/lomb-med-halsfestar-lambs-with-necklaces-25x25-cm\/","title":{"rendered":"L\u00f6mb me\u00f0 h\u00e1lsfestar \/ Lambs with necklaces (25&#215;25 cm)"},"content":{"rendered":"<p>Akr\u00fdl \/ bl\u00f6ndu\u00f0 t\u00e6kni \u00e1 striga, 25&#215;25 cm<\/p>\n<p>Acryl \/ mixed media on canvas, 25&#215;25 cm<\/p>\n<p>(2023)<\/p>\n","protected":false},"excerpt":{"rendered":"<p>Akr\u00fdl \/ bl\u00f6ndu\u00f0 t\u00e6kni \u00e1 striga, 25&#215;25 cm Acryl \/ mixed media on canvas, 25&#215;25 cm (2023)<\/p>\n","protected":false},"featured_media":8200,"template":"","meta":{"slim_seo":{"title":"L\u00f6mb me\u00f0 h\u00e1lsfestar \/ Lambs with necklaces (25x25 cm) - KindArt","description":"Akr\u00fdl \/ bl\u00f6ndu\u00f0 t\u00e6kni \u00e1 striga, 25x25 cm Acryl \/ mixed media on canvas, 25x25 cm (2023)"}},"product_brand":[],"product_cat":[56],"product_tag":[],"class_list":{"0":"post-8197","1":"product","2":"type-product","3":"status-publish","4":"has-post-thumbnail","6":"product_cat-listaverk","7":"product_shipping_class-litill","9":"first","10":"instock","11":"purchasable","12":"product-type-simple"},"_links":{"self":[{"href":"https:\/\/kindart.is\/en\/wp-json\/wp\/v2\/product\/8197","targetHints":{"allow":["GET"]}}],"collection":[{"href":"https:\/\/kindart.is\/en\/wp-json\/wp\/v2\/product"}],"about":[{"href":"https:\/\/kindart.is\/en\/wp-json\/wp\/v2\/types\/product"}],"wp:featuredmedia":[{"embeddable":true,"href":"https:\/\/kindart.is\/en\/wp-json\/wp\/v2\/media\/8200"}],"wp:attachment":[{"href":"https:\/\/kindart.is\/en\/wp-json\/wp\/v2\/media?parent=8197"}],"wp:term":[{"taxonomy":"product_brand","embeddable":true,"href":"https:\/\/kindart.is\/en\/wp-json\/wp\/v2\/product_brand?post=8197"},{"taxonomy":"product_cat","embeddable":true,"href":"https:\/\/kindart.is\/en\/wp-json\/wp\/v2\/product_cat?post=8197"},{"taxonomy":"product_tag","embeddable":true,"href":"https:\/\/kindart.is\/en\/wp-json\/wp\/v2\/product_tag?post=8197"}],"curies":[{"name":"wp","href":"https:\/\/api.w.org\/{rel}","templated":true}]}}