{"id":8205,"date":"2023-09-03T21:03:50","date_gmt":"2023-09-03T21:03:50","guid":{"rendered":"https:\/\/kindart.is\/?post_type=product&#038;p=8205"},"modified":"2023-09-03T21:03:50","modified_gmt":"2023-09-03T21:03:50","slug":"hrutastrakar-i-bilaleik-lamb-boys-playing-with-cars-18x24-cm","status":"publish","type":"product","link":"https:\/\/kindart.is\/en\/vara\/hrutastrakar-i-bilaleik-lamb-boys-playing-with-cars-18x24-cm\/","title":{"rendered":"Hr\u00fatastr\u00e1kar \u00ed b\u00edlaleik \/ Lamb boys playing with cars (18&#215;24 cm)"},"content":{"rendered":"<p>Akr\u00fdl \/ bl\u00f6ndu\u00f0 t\u00e6kni \u00e1 striga, 18&#215;24 cm<\/p>\n<p>Acryl \/ mixed media on canvas, 18&#215;24 cm<\/p>\n<p>(2023)<\/p>\n","protected":false},"excerpt":{"rendered":"<p>Akr\u00fdl \/ bl\u00f6ndu\u00f0 t\u00e6kni \u00e1 striga, 18&#215;24 cm Acryl \/ mixed media on canvas, 18&#215;24 cm (2023)<\/p>\n","protected":false},"featured_media":8206,"template":"","meta":{"slim_seo":{"title":"Hr\u00fatastr\u00e1kar \u00ed b\u00edlaleik \/ Lamb boys playing with cars (18x24 cm) - KindArt","description":"Akr\u00fdl \/ bl\u00f6ndu\u00f0 t\u00e6kni \u00e1 striga, 18x24 cm Acryl \/ mixed media on canvas, 18x24 cm (2023)"}},"product_brand":[],"product_cat":[56],"product_tag":[],"class_list":{"0":"post-8205","1":"product","2":"type-product","3":"status-publish","4":"has-post-thumbnail","6":"product_cat-listaverk","7":"product_shipping_class-litill","9":"first","10":"instock","11":"purchasable","12":"product-type-simple"},"_links":{"self":[{"href":"https:\/\/kindart.is\/en\/wp-json\/wp\/v2\/product\/8205","targetHints":{"allow":["GET"]}}],"collection":[{"href":"https:\/\/kindart.is\/en\/wp-json\/wp\/v2\/product"}],"about":[{"href":"https:\/\/kindart.is\/en\/wp-json\/wp\/v2\/types\/product"}],"wp:featuredmedia":[{"embeddable":true,"href":"https:\/\/kindart.is\/en\/wp-json\/wp\/v2\/media\/8206"}],"wp:attachment":[{"href":"https:\/\/kindart.is\/en\/wp-json\/wp\/v2\/media?parent=8205"}],"wp:term":[{"taxonomy":"product_brand","embeddable":true,"href":"https:\/\/kindart.is\/en\/wp-json\/wp\/v2\/product_brand?post=8205"},{"taxonomy":"product_cat","embeddable":true,"href":"https:\/\/kindart.is\/en\/wp-json\/wp\/v2\/product_cat?post=8205"},{"taxonomy":"product_tag","embeddable":true,"href":"https:\/\/kindart.is\/en\/wp-json\/wp\/v2\/product_tag?post=8205"}],"curies":[{"name":"wp","href":"https:\/\/api.w.org\/{rel}","templated":true}]}}