{"id":8209,"date":"2023-09-03T21:11:12","date_gmt":"2023-09-03T21:11:12","guid":{"rendered":"https:\/\/kindart.is\/?post_type=product&#038;p=8209"},"modified":"2023-09-03T21:11:12","modified_gmt":"2023-09-03T21:11:12","slug":"thrilembingamodir-triplets-mother-20x20-cm","status":"publish","type":"product","link":"https:\/\/kindart.is\/en\/vara\/thrilembingamodir-triplets-mother-20x20-cm\/","title":{"rendered":"\u00der\u00edlembingam\u00f3\u00f0ir \/ Triplets&#8217; mother (20&#215;20 cm)"},"content":{"rendered":"<p>Akr\u00fdl \/ bl\u00f6ndu\u00f0 t\u00e6kni \u00e1 striga, 20&#215;20 cm<\/p>\n<p>Acryl \/ mixed media on canvas, 20&#215;20 cm<\/p>\n<p>(2023)<\/p>\n","protected":false},"excerpt":{"rendered":"<p>Akr\u00fdl \/ bl\u00f6ndu\u00f0 t\u00e6kni \u00e1 striga, 20&#215;20 cm Acryl \/ mixed media on canvas, 20&#215;20 cm (2023)<\/p>\n","protected":false},"featured_media":8210,"template":"","meta":{"slim_seo":{"title":"\u00der\u00edlembingam\u00f3\u00f0ir \/ Triplets' mother (20x20 cm) - KindArt","description":"Akr\u00fdl \/ bl\u00f6ndu\u00f0 t\u00e6kni \u00e1 striga, 20x20 cm Acryl \/ mixed media on canvas, 20x20 cm (2023)"}},"product_brand":[],"product_cat":[56],"product_tag":[],"class_list":{"0":"post-8209","1":"product","2":"type-product","3":"status-publish","4":"has-post-thumbnail","6":"product_cat-listaverk","7":"product_shipping_class-litill","9":"first","10":"instock","11":"purchasable","12":"product-type-simple"},"_links":{"self":[{"href":"https:\/\/kindart.is\/en\/wp-json\/wp\/v2\/product\/8209","targetHints":{"allow":["GET"]}}],"collection":[{"href":"https:\/\/kindart.is\/en\/wp-json\/wp\/v2\/product"}],"about":[{"href":"https:\/\/kindart.is\/en\/wp-json\/wp\/v2\/types\/product"}],"wp:featuredmedia":[{"embeddable":true,"href":"https:\/\/kindart.is\/en\/wp-json\/wp\/v2\/media\/8210"}],"wp:attachment":[{"href":"https:\/\/kindart.is\/en\/wp-json\/wp\/v2\/media?parent=8209"}],"wp:term":[{"taxonomy":"product_brand","embeddable":true,"href":"https:\/\/kindart.is\/en\/wp-json\/wp\/v2\/product_brand?post=8209"},{"taxonomy":"product_cat","embeddable":true,"href":"https:\/\/kindart.is\/en\/wp-json\/wp\/v2\/product_cat?post=8209"},{"taxonomy":"product_tag","embeddable":true,"href":"https:\/\/kindart.is\/en\/wp-json\/wp\/v2\/product_tag?post=8209"}],"curies":[{"name":"wp","href":"https:\/\/api.w.org\/{rel}","templated":true}]}}