{"id":8212,"date":"2023-09-03T21:20:11","date_gmt":"2023-09-03T21:20:11","guid":{"rendered":"https:\/\/kindart.is\/?post_type=product&#038;p=8212"},"modified":"2023-09-03T21:20:11","modified_gmt":"2023-09-03T21:20:11","slug":"bleikur-gimbrarvagn-a-pink-lamb-stroller-20x20-cm","status":"publish","type":"product","link":"https:\/\/kindart.is\/en\/vara\/bleikur-gimbrarvagn-a-pink-lamb-stroller-20x20-cm\/","title":{"rendered":"Bleikur gimbrarvagn \/ A pink lamb stroller (20&#215;20 cm)"},"content":{"rendered":"<p>Akr\u00fdl \/ bl\u00f6ndu\u00f0 t\u00e6kni \u00e1 striga, 20&#215;20 cm<\/p>\n<p>Acryl \/ mixed media on canvas, 20&#215;20 cm<\/p>\n<p>(2023)<\/p>\n","protected":false},"excerpt":{"rendered":"<p>Akr\u00fdl \/ bl\u00f6ndu\u00f0 t\u00e6kni \u00e1 striga, 20&#215;20 cm Acryl \/ mixed media on canvas, 20&#215;20 cm (2023)<\/p>\n","protected":false},"featured_media":8214,"template":"","meta":{"slim_seo":{"title":"Bleikur gimbrarvagn \/ A pink lamb stroller (20x20 cm) - KindArt","description":"Akr\u00fdl \/ bl\u00f6ndu\u00f0 t\u00e6kni \u00e1 striga, 20x20 cm Acryl \/ mixed media on canvas, 20x20 cm (2023)"}},"product_brand":[],"product_cat":[56],"product_tag":[],"class_list":{"0":"post-8212","1":"product","2":"type-product","3":"status-publish","4":"has-post-thumbnail","6":"product_cat-listaverk","7":"product_shipping_class-litill","9":"first","10":"instock","11":"purchasable","12":"product-type-simple"},"_links":{"self":[{"href":"https:\/\/kindart.is\/en\/wp-json\/wp\/v2\/product\/8212","targetHints":{"allow":["GET"]}}],"collection":[{"href":"https:\/\/kindart.is\/en\/wp-json\/wp\/v2\/product"}],"about":[{"href":"https:\/\/kindart.is\/en\/wp-json\/wp\/v2\/types\/product"}],"wp:featuredmedia":[{"embeddable":true,"href":"https:\/\/kindart.is\/en\/wp-json\/wp\/v2\/media\/8214"}],"wp:attachment":[{"href":"https:\/\/kindart.is\/en\/wp-json\/wp\/v2\/media?parent=8212"}],"wp:term":[{"taxonomy":"product_brand","embeddable":true,"href":"https:\/\/kindart.is\/en\/wp-json\/wp\/v2\/product_brand?post=8212"},{"taxonomy":"product_cat","embeddable":true,"href":"https:\/\/kindart.is\/en\/wp-json\/wp\/v2\/product_cat?post=8212"},{"taxonomy":"product_tag","embeddable":true,"href":"https:\/\/kindart.is\/en\/wp-json\/wp\/v2\/product_tag?post=8212"}],"curies":[{"name":"wp","href":"https:\/\/api.w.org\/{rel}","templated":true}]}}