{"id":8216,"date":"2023-09-03T21:28:50","date_gmt":"2023-09-03T21:28:50","guid":{"rendered":"https:\/\/kindart.is\/?post_type=product&#038;p=8216"},"modified":"2023-09-03T21:28:50","modified_gmt":"2023-09-03T21:28:50","slug":"lambaleikur-i-lambs-play-i-15x15-cm","status":"publish","type":"product","link":"https:\/\/kindart.is\/en\/vara\/lambaleikur-i-lambs-play-i-15x15-cm\/","title":{"rendered":"Lambaleikur I \/ Lamb&#8217;s play I (15&#215;15 cm)"},"content":{"rendered":"<p>Akr\u00fdl \/ bl\u00f6ndu\u00f0 t\u00e6kni \u00e1 striga, 15&#215;15 cm<\/p>\n<p>Acryl \/ mixed media on canvas, 15&#215;15 cm<\/p>\n<p>(2023)<\/p>\n","protected":false},"excerpt":{"rendered":"<p>Akr\u00fdl \/ bl\u00f6ndu\u00f0 t\u00e6kni \u00e1 striga, 15&#215;15 cm Acryl \/ mixed media on canvas, 15&#215;15 cm (2023)<\/p>\n","protected":false},"featured_media":8217,"template":"","meta":{"slim_seo":{"title":"Lambaleikur I \/ Lamb's play I (15x15 cm) - KindArt","description":"Akr\u00fdl \/ bl\u00f6ndu\u00f0 t\u00e6kni \u00e1 striga, 15x15 cm Acryl \/ mixed media on canvas, 15x15 cm (2023)"}},"product_brand":[],"product_cat":[56],"product_tag":[],"class_list":{"0":"post-8216","1":"product","2":"type-product","3":"status-publish","4":"has-post-thumbnail","6":"product_cat-listaverk","7":"product_shipping_class-litill","9":"first","10":"instock","11":"purchasable","12":"product-type-simple"},"_links":{"self":[{"href":"https:\/\/kindart.is\/en\/wp-json\/wp\/v2\/product\/8216","targetHints":{"allow":["GET"]}}],"collection":[{"href":"https:\/\/kindart.is\/en\/wp-json\/wp\/v2\/product"}],"about":[{"href":"https:\/\/kindart.is\/en\/wp-json\/wp\/v2\/types\/product"}],"wp:featuredmedia":[{"embeddable":true,"href":"https:\/\/kindart.is\/en\/wp-json\/wp\/v2\/media\/8217"}],"wp:attachment":[{"href":"https:\/\/kindart.is\/en\/wp-json\/wp\/v2\/media?parent=8216"}],"wp:term":[{"taxonomy":"product_brand","embeddable":true,"href":"https:\/\/kindart.is\/en\/wp-json\/wp\/v2\/product_brand?post=8216"},{"taxonomy":"product_cat","embeddable":true,"href":"https:\/\/kindart.is\/en\/wp-json\/wp\/v2\/product_cat?post=8216"},{"taxonomy":"product_tag","embeddable":true,"href":"https:\/\/kindart.is\/en\/wp-json\/wp\/v2\/product_tag?post=8216"}],"curies":[{"name":"wp","href":"https:\/\/api.w.org\/{rel}","templated":true}]}}