{"id":8219,"date":"2023-09-03T21:33:35","date_gmt":"2023-09-03T21:33:35","guid":{"rendered":"https:\/\/kindart.is\/?post_type=product&#038;p=8219"},"modified":"2023-09-03T21:33:35","modified_gmt":"2023-09-03T21:33:35","slug":"lambaleikur-ii-lambs-play-ii-15x15-cm","status":"publish","type":"product","link":"https:\/\/kindart.is\/en\/vara\/lambaleikur-ii-lambs-play-ii-15x15-cm\/","title":{"rendered":"Lambaleikur II \/ Lamb&#8217;s play II (15&#215;15 cm)"},"content":{"rendered":"<p>Akr\u00fdl \/ bl\u00f6ndu\u00f0 t\u00e6kni \u00e1 striga, 15&#215;15 cm<\/p>\n<p>Acryl \/ mixed media on canvas, 15&#215;15 cm<\/p>\n<p>(2023)<\/p>\n","protected":false},"excerpt":{"rendered":"<p>Akr\u00fdl \/ bl\u00f6ndu\u00f0 t\u00e6kni \u00e1 striga, 15&#215;15 cm Acryl \/ mixed media on canvas, 15&#215;15 cm (2023)<\/p>\n","protected":false},"featured_media":8220,"template":"","meta":{"slim_seo":{"title":"Lambaleikur II \/ Lamb's play II (15x15 cm) - KindArt","description":"Akr\u00fdl \/ bl\u00f6ndu\u00f0 t\u00e6kni \u00e1 striga, 15x15 cm Acryl \/ mixed media on canvas, 15x15 cm (2023)"}},"product_brand":[],"product_cat":[56],"product_tag":[],"class_list":{"0":"post-8219","1":"product","2":"type-product","3":"status-publish","4":"has-post-thumbnail","6":"product_cat-listaverk","7":"product_shipping_class-litill","9":"first","10":"instock","11":"purchasable","12":"product-type-simple"},"_links":{"self":[{"href":"https:\/\/kindart.is\/en\/wp-json\/wp\/v2\/product\/8219","targetHints":{"allow":["GET"]}}],"collection":[{"href":"https:\/\/kindart.is\/en\/wp-json\/wp\/v2\/product"}],"about":[{"href":"https:\/\/kindart.is\/en\/wp-json\/wp\/v2\/types\/product"}],"wp:featuredmedia":[{"embeddable":true,"href":"https:\/\/kindart.is\/en\/wp-json\/wp\/v2\/media\/8220"}],"wp:attachment":[{"href":"https:\/\/kindart.is\/en\/wp-json\/wp\/v2\/media?parent=8219"}],"wp:term":[{"taxonomy":"product_brand","embeddable":true,"href":"https:\/\/kindart.is\/en\/wp-json\/wp\/v2\/product_brand?post=8219"},{"taxonomy":"product_cat","embeddable":true,"href":"https:\/\/kindart.is\/en\/wp-json\/wp\/v2\/product_cat?post=8219"},{"taxonomy":"product_tag","embeddable":true,"href":"https:\/\/kindart.is\/en\/wp-json\/wp\/v2\/product_tag?post=8219"}],"curies":[{"name":"wp","href":"https:\/\/api.w.org\/{rel}","templated":true}]}}