{"id":8222,"date":"2023-09-03T22:08:26","date_gmt":"2023-09-03T22:08:26","guid":{"rendered":"https:\/\/kindart.is\/?post_type=product&#038;p=8222"},"modified":"2023-09-08T11:18:42","modified_gmt":"2023-09-08T11:18:42","slug":"litli-hrutur-little-ram-40x40-cm","status":"publish","type":"product","link":"https:\/\/kindart.is\/en\/vara\/litli-hrutur-little-ram-40x40-cm\/","title":{"rendered":"Litli-Hr\u00fatur \/ Little-Ram (40&#215;40 cm)"},"content":{"rendered":"<p>Akr\u00fdl \/ bl\u00f6ndu\u00f0 t\u00e6kni \u00e1 striga, 40&#215;40 cm<\/p>\n<p>Acryl \/ mixed media on canvas, 40&#215;40 cm<\/p>\n<p>(2023)<\/p>\n","protected":false},"excerpt":{"rendered":"<p>Akr\u00fdl \/ bl\u00f6ndu\u00f0 t\u00e6kni \u00e1 striga, 40&#215;40 cm Acryl \/ mixed media on canvas, 40&#215;40 cm (2023)<\/p>\n","protected":false},"featured_media":8224,"template":"","meta":{"slim_seo":{"title":"Litli-Hr\u00fatur \/ Little-Ram (40x40 cm) - KindArt","description":"Akr\u00fdl \/ bl\u00f6ndu\u00f0 t\u00e6kni \u00e1 striga, 40x40 cm Acryl \/ mixed media on canvas, 40x40 cm (2023)"}},"product_brand":[],"product_cat":[67],"product_tag":[],"class_list":{"0":"post-8222","1":"product","2":"type-product","3":"status-publish","4":"has-post-thumbnail","6":"product_cat-sold","7":"product_shipping_class-litill","9":"first","10":"outofstock","11":"purchasable","12":"product-type-simple"},"_links":{"self":[{"href":"https:\/\/kindart.is\/en\/wp-json\/wp\/v2\/product\/8222","targetHints":{"allow":["GET"]}}],"collection":[{"href":"https:\/\/kindart.is\/en\/wp-json\/wp\/v2\/product"}],"about":[{"href":"https:\/\/kindart.is\/en\/wp-json\/wp\/v2\/types\/product"}],"wp:featuredmedia":[{"embeddable":true,"href":"https:\/\/kindart.is\/en\/wp-json\/wp\/v2\/media\/8224"}],"wp:attachment":[{"href":"https:\/\/kindart.is\/en\/wp-json\/wp\/v2\/media?parent=8222"}],"wp:term":[{"taxonomy":"product_brand","embeddable":true,"href":"https:\/\/kindart.is\/en\/wp-json\/wp\/v2\/product_brand?post=8222"},{"taxonomy":"product_cat","embeddable":true,"href":"https:\/\/kindart.is\/en\/wp-json\/wp\/v2\/product_cat?post=8222"},{"taxonomy":"product_tag","embeddable":true,"href":"https:\/\/kindart.is\/en\/wp-json\/wp\/v2\/product_tag?post=8222"}],"curies":[{"name":"wp","href":"https:\/\/api.w.org\/{rel}","templated":true}]}}