{"id":8226,"date":"2023-09-03T22:30:47","date_gmt":"2023-09-03T22:30:47","guid":{"rendered":"https:\/\/kindart.is\/?post_type=product&#038;p=8226"},"modified":"2023-09-08T11:18:21","modified_gmt":"2023-09-08T11:18:21","slug":"litli-hrutur-i-badstofu-little-ram-in-the-living-room-50x50-cm","status":"publish","type":"product","link":"https:\/\/kindart.is\/en\/vara\/litli-hrutur-i-badstofu-little-ram-in-the-living-room-50x50-cm\/","title":{"rendered":"Litli Hr\u00fatur \u00ed ba\u00f0stofu \/ Little Ram in the living room (50&#215;50 cm)"},"content":{"rendered":"<p>Akr\u00fdl \/ bl\u00f6ndu\u00f0 t\u00e6kni \u00e1 striga, 50&#215;50 cm<\/p>\n<p>Acryl \/ mixed media on canvas, 50&#215;50 cm<\/p>\n","protected":false},"excerpt":{"rendered":"<p>Akr\u00fdl \/ bl\u00f6ndu\u00f0 t\u00e6kni \u00e1 striga, 50&#215;50 cm Acryl \/ mixed media on canvas, 50&#215;50 cm<\/p>\n","protected":false},"featured_media":8227,"template":"","meta":{"slim_seo":{"title":"Litli Hr\u00fatur \u00ed ba\u00f0stofu \/ Little Ram in the living room (50x50 cm) - KindArt","description":"Akr\u00fdl \/ bl\u00f6ndu\u00f0 t\u00e6kni \u00e1 striga, 50x50 cm Acryl \/ mixed media on canvas, 50x50 cm"}},"product_brand":[],"product_cat":[67],"product_tag":[],"class_list":{"0":"post-8226","1":"product","2":"type-product","3":"status-publish","4":"has-post-thumbnail","6":"product_cat-sold","7":"product_shipping_class-midlungs","9":"first","10":"outofstock","11":"purchasable","12":"product-type-simple"},"_links":{"self":[{"href":"https:\/\/kindart.is\/en\/wp-json\/wp\/v2\/product\/8226","targetHints":{"allow":["GET"]}}],"collection":[{"href":"https:\/\/kindart.is\/en\/wp-json\/wp\/v2\/product"}],"about":[{"href":"https:\/\/kindart.is\/en\/wp-json\/wp\/v2\/types\/product"}],"wp:featuredmedia":[{"embeddable":true,"href":"https:\/\/kindart.is\/en\/wp-json\/wp\/v2\/media\/8227"}],"wp:attachment":[{"href":"https:\/\/kindart.is\/en\/wp-json\/wp\/v2\/media?parent=8226"}],"wp:term":[{"taxonomy":"product_brand","embeddable":true,"href":"https:\/\/kindart.is\/en\/wp-json\/wp\/v2\/product_brand?post=8226"},{"taxonomy":"product_cat","embeddable":true,"href":"https:\/\/kindart.is\/en\/wp-json\/wp\/v2\/product_cat?post=8226"},{"taxonomy":"product_tag","embeddable":true,"href":"https:\/\/kindart.is\/en\/wp-json\/wp\/v2\/product_tag?post=8226"}],"curies":[{"name":"wp","href":"https:\/\/api.w.org\/{rel}","templated":true}]}}