{"id":8229,"date":"2023-09-03T22:37:40","date_gmt":"2023-09-03T22:37:40","guid":{"rendered":"https:\/\/kindart.is\/?post_type=product&#038;p=8229"},"modified":"2023-09-03T22:37:40","modified_gmt":"2023-09-03T22:37:40","slug":"litli-hrutur-fer-a-jokul-little-ram-on-the-glacier-40x50-cm","status":"publish","type":"product","link":"https:\/\/kindart.is\/en\/vara\/litli-hrutur-fer-a-jokul-little-ram-on-the-glacier-40x50-cm\/","title":{"rendered":"Litli Hr\u00fatur fer \u00e1 j\u00f6kul \/ Little Ram on the glacier (40&#215;50 cm)"},"content":{"rendered":"<p>Akr\u00fdl \/ bl\u00f6ndu\u00f0 t\u00e6kni \u00e1 striga, 40&#215;50 cm<\/p>\n<p>Acryl \/ mixed media on canvas, 40&#215;50 cm<\/p>\n","protected":false},"excerpt":{"rendered":"<p>Akr\u00fdl \/ bl\u00f6ndu\u00f0 t\u00e6kni \u00e1 striga, 40&#215;50 cm Acryl \/ mixed media on canvas, 40&#215;50 cm<\/p>\n","protected":false},"featured_media":8230,"template":"","meta":{"slim_seo":{"title":"Litli Hr\u00fatur fer \u00e1 j\u00f6kul \/ Little Ram on the glacier (40x50 cm) - KindArt","description":"Akr\u00fdl \/ bl\u00f6ndu\u00f0 t\u00e6kni \u00e1 striga, 40x50 cm Acryl \/ mixed media on canvas, 40x50 cm"}},"product_brand":[],"product_cat":[56],"product_tag":[],"class_list":{"0":"post-8229","1":"product","2":"type-product","3":"status-publish","4":"has-post-thumbnail","6":"product_cat-listaverk","7":"product_shipping_class-midlungs","9":"first","10":"instock","11":"purchasable","12":"product-type-simple"},"_links":{"self":[{"href":"https:\/\/kindart.is\/en\/wp-json\/wp\/v2\/product\/8229","targetHints":{"allow":["GET"]}}],"collection":[{"href":"https:\/\/kindart.is\/en\/wp-json\/wp\/v2\/product"}],"about":[{"href":"https:\/\/kindart.is\/en\/wp-json\/wp\/v2\/types\/product"}],"wp:featuredmedia":[{"embeddable":true,"href":"https:\/\/kindart.is\/en\/wp-json\/wp\/v2\/media\/8230"}],"wp:attachment":[{"href":"https:\/\/kindart.is\/en\/wp-json\/wp\/v2\/media?parent=8229"}],"wp:term":[{"taxonomy":"product_brand","embeddable":true,"href":"https:\/\/kindart.is\/en\/wp-json\/wp\/v2\/product_brand?post=8229"},{"taxonomy":"product_cat","embeddable":true,"href":"https:\/\/kindart.is\/en\/wp-json\/wp\/v2\/product_cat?post=8229"},{"taxonomy":"product_tag","embeddable":true,"href":"https:\/\/kindart.is\/en\/wp-json\/wp\/v2\/product_tag?post=8229"}],"curies":[{"name":"wp","href":"https:\/\/api.w.org\/{rel}","templated":true}]}}