{"id":8240,"date":"2023-09-03T23:28:24","date_gmt":"2023-09-03T23:28:24","guid":{"rendered":"https:\/\/kindart.is\/?post_type=product&#038;p=8240"},"modified":"2023-09-03T23:28:24","modified_gmt":"2023-09-03T23:28:24","slug":"litli-hrutur-fer-a-beit-little-ram-in-the-field-40x50-cm","status":"publish","type":"product","link":"https:\/\/kindart.is\/en\/vara\/litli-hrutur-fer-a-beit-little-ram-in-the-field-40x50-cm\/","title":{"rendered":"Litli Hr\u00fatur fer \u00e1 beit \/ Little Ram in the field (40&#215;50 cm)"},"content":{"rendered":"<p>Akr\u00fdl \/ bl\u00f6ndu\u00f0 t\u00e6kni \u00e1 striga, 40&#215;50 cm<\/p>\n<p>Acryl \/ mixed media on canvas, 40&#215;50 cm<\/p>\n","protected":false},"excerpt":{"rendered":"<p>Akr\u00fdl \/ bl\u00f6ndu\u00f0 t\u00e6kni \u00e1 striga, 40&#215;50 cm Acryl \/ mixed media on canvas, 40&#215;50 cm<\/p>\n","protected":false},"featured_media":8241,"template":"","meta":{"slim_seo":{"title":"Litli Hr\u00fatur fer \u00e1 beit \/ Little Ram in the field (40x50 cm) - KindArt","description":"Akr\u00fdl \/ bl\u00f6ndu\u00f0 t\u00e6kni \u00e1 striga, 40x50 cm Acryl \/ mixed media on canvas, 40x50 cm"}},"product_brand":[],"product_cat":[56],"product_tag":[],"class_list":{"0":"post-8240","1":"product","2":"type-product","3":"status-publish","4":"has-post-thumbnail","6":"product_cat-listaverk","7":"product_shipping_class-midlungs","9":"first","10":"instock","11":"purchasable","12":"product-type-simple"},"_links":{"self":[{"href":"https:\/\/kindart.is\/en\/wp-json\/wp\/v2\/product\/8240","targetHints":{"allow":["GET"]}}],"collection":[{"href":"https:\/\/kindart.is\/en\/wp-json\/wp\/v2\/product"}],"about":[{"href":"https:\/\/kindart.is\/en\/wp-json\/wp\/v2\/types\/product"}],"wp:featuredmedia":[{"embeddable":true,"href":"https:\/\/kindart.is\/en\/wp-json\/wp\/v2\/media\/8241"}],"wp:attachment":[{"href":"https:\/\/kindart.is\/en\/wp-json\/wp\/v2\/media?parent=8240"}],"wp:term":[{"taxonomy":"product_brand","embeddable":true,"href":"https:\/\/kindart.is\/en\/wp-json\/wp\/v2\/product_brand?post=8240"},{"taxonomy":"product_cat","embeddable":true,"href":"https:\/\/kindart.is\/en\/wp-json\/wp\/v2\/product_cat?post=8240"},{"taxonomy":"product_tag","embeddable":true,"href":"https:\/\/kindart.is\/en\/wp-json\/wp\/v2\/product_tag?post=8240"}],"curies":[{"name":"wp","href":"https:\/\/api.w.org\/{rel}","templated":true}]}}