{"id":8243,"date":"2023-09-03T23:39:42","date_gmt":"2023-09-03T23:39:42","guid":{"rendered":"https:\/\/kindart.is\/?post_type=product&#038;p=8243"},"modified":"2023-09-03T23:39:43","modified_gmt":"2023-09-03T23:39:43","slug":"litli-hrutur-fer-i-fri-little-ram-goes-on-vacation-30x40-cm","status":"publish","type":"product","link":"https:\/\/kindart.is\/en\/vara\/litli-hrutur-fer-i-fri-little-ram-goes-on-vacation-30x40-cm\/","title":{"rendered":"Litli Hr\u00fatur fer \u00ed fr\u00ed \/ Little Ram goes on vacation (30&#215;40 cm)"},"content":{"rendered":"<p>Akr\u00fdl \/ bl\u00f6ndu\u00f0 t\u00e6kni \u00e1 striga, 30&#215;40 cm<\/p>\n<p>Acryl \/ mixed media on canvas, 30&#215;40 cm<\/p>\n","protected":false},"excerpt":{"rendered":"<p>Akr\u00fdl \/ bl\u00f6ndu\u00f0 t\u00e6kni \u00e1 striga, 30&#215;40 cm Acryl \/ mixed media on canvas, 30&#215;40 cm<\/p>\n","protected":false},"featured_media":8245,"template":"","meta":{"slim_seo":{"title":"Litli Hr\u00fatur fer \u00ed fr\u00ed \/ Little Ram goes on vacation (30x40 cm) - KindArt","description":"Akr\u00fdl \/ bl\u00f6ndu\u00f0 t\u00e6kni \u00e1 striga, 30x40 cm Acryl \/ mixed media on canvas, 30x40 cm"}},"product_brand":[],"product_cat":[56],"product_tag":[],"class_list":{"0":"post-8243","1":"product","2":"type-product","3":"status-publish","4":"has-post-thumbnail","6":"product_cat-listaverk","7":"product_shipping_class-litill","9":"first","10":"instock","11":"purchasable","12":"product-type-simple"},"_links":{"self":[{"href":"https:\/\/kindart.is\/en\/wp-json\/wp\/v2\/product\/8243","targetHints":{"allow":["GET"]}}],"collection":[{"href":"https:\/\/kindart.is\/en\/wp-json\/wp\/v2\/product"}],"about":[{"href":"https:\/\/kindart.is\/en\/wp-json\/wp\/v2\/types\/product"}],"wp:featuredmedia":[{"embeddable":true,"href":"https:\/\/kindart.is\/en\/wp-json\/wp\/v2\/media\/8245"}],"wp:attachment":[{"href":"https:\/\/kindart.is\/en\/wp-json\/wp\/v2\/media?parent=8243"}],"wp:term":[{"taxonomy":"product_brand","embeddable":true,"href":"https:\/\/kindart.is\/en\/wp-json\/wp\/v2\/product_brand?post=8243"},{"taxonomy":"product_cat","embeddable":true,"href":"https:\/\/kindart.is\/en\/wp-json\/wp\/v2\/product_cat?post=8243"},{"taxonomy":"product_tag","embeddable":true,"href":"https:\/\/kindart.is\/en\/wp-json\/wp\/v2\/product_tag?post=8243"}],"curies":[{"name":"wp","href":"https:\/\/api.w.org\/{rel}","templated":true}]}}