{"id":8253,"date":"2023-09-05T07:12:45","date_gmt":"2023-09-05T07:12:45","guid":{"rendered":"https:\/\/kindart.is\/product\/felagstidindi-ahugafolks-um-verkalydssogu\/"},"modified":"2024-10-19T15:55:05","modified_gmt":"2024-10-19T15:55:05","slug":"felagstidindi-ahugafolks-um-verkalydssogu","status":"publish","type":"product","link":"https:\/\/kindart.is\/en\/vara\/felagstidindi-ahugafolks-um-verkalydssogu\/","title":{"rendered":"F\u00e9lagst\u00ed\u00f0indi \u00e1hugaf\u00f3lks um verkal\u00fd\u00f0ss\u00f6gu"},"content":{"rendered":"<p><strong>F\u00e9lagst\u00ed\u00f0indi \u00e1hugaf\u00f3lks um verkal\u00fd\u00f0ss\u00f6gu<\/strong>. 1.\u00e1rg. 1.tbl. 13.apr\u00edl 1987; Ritstj\u00f3ri: Magn\u00fas Gu\u00f0mundsson. \u00c1byrg\u00f0arma\u00f0ur: Stef\u00e1n \u00d6gmundsson. St\u00e6r\u00f0: \u00bd \u00f6rk e\u00f0a 8 bls. \u2013 29.7 X 21 cm. sem er A 4 st\u00e6r\u00f0. V\u00edrheft.<\/p>\n<p><strong>\u00datg\u00e1fa og prentun<\/strong>:<br \/>\n\u00datgefandi: F\u00e9lag \u00e1hugaf\u00f3lks um verkal\u00fd\u00f0ss\u00f6gu. Prentsta\u00f0ar ekki geti\u00f0.<\/p>\n","protected":false},"excerpt":{"rendered":"<p>F\u00e9lagst\u00ed\u00f0indi \u00e1hugaf\u00f3lks um verkal\u00fd\u00f0ss\u00f6gu. 1.\u00e1rg. 1.tbl. 13.apr\u00edl 1987; Ritstj\u00f3ri: Magn\u00fas Gu\u00f0mundsson. \u00c1byrg\u00f0arma\u00f0ur: Stef\u00e1n \u00d6gmundsson. St\u00e6r\u00f0: \u00bd \u00f6rk e\u00f0a 8 bls. \u2013 29.7 X 21 cm. sem er A 4 st\u00e6r\u00f0. V\u00edrheft. \u00datg\u00e1fa og prentun: \u00datgefandi: F\u00e9lag \u00e1hugaf\u00f3lks um verkal\u00fd\u00f0ss\u00f6gu. Prentsta\u00f0ar ekki geti\u00f0.<\/p>\n","protected":false},"featured_media":8252,"template":"","meta":{"slim_seo":{"title":"F\u00e9lagst\u00ed\u00f0indi \u00e1hugaf\u00f3lks um verkal\u00fd\u00f0ss\u00f6gu - KindArt","description":"F\u00e9lagst\u00ed\u00f0indi \u00e1hugaf\u00f3lks um verkal\u00fd\u00f0ss\u00f6gu . 1.\u00e1rg. 1.tbl. 13.apr\u00edl 1987; Ritstj\u00f3ri: Magn\u00fas Gu\u00f0mundsson. \u00c1byrg\u00f0arma\u00f0ur: Stef\u00e1n \u00d6gmundsson. St\u00e6r\u00f0: \u00bd \u00f6rk e\u00f0a 8 bls"}},"product_brand":[],"product_cat":[83],"product_tag":[],"class_list":{"0":"post-8253","1":"product","2":"type-product","3":"status-publish","4":"has-post-thumbnail","6":"product_cat-books","7":"product_shipping_class-small-en","9":"first","10":"outofstock","11":"purchasable","12":"product-type-simple"},"_links":{"self":[{"href":"https:\/\/kindart.is\/en\/wp-json\/wp\/v2\/product\/8253","targetHints":{"allow":["GET"]}}],"collection":[{"href":"https:\/\/kindart.is\/en\/wp-json\/wp\/v2\/product"}],"about":[{"href":"https:\/\/kindart.is\/en\/wp-json\/wp\/v2\/types\/product"}],"wp:featuredmedia":[{"embeddable":true,"href":"https:\/\/kindart.is\/en\/wp-json\/wp\/v2\/media\/8252"}],"wp:attachment":[{"href":"https:\/\/kindart.is\/en\/wp-json\/wp\/v2\/media?parent=8253"}],"wp:term":[{"taxonomy":"product_brand","embeddable":true,"href":"https:\/\/kindart.is\/en\/wp-json\/wp\/v2\/product_brand?post=8253"},{"taxonomy":"product_cat","embeddable":true,"href":"https:\/\/kindart.is\/en\/wp-json\/wp\/v2\/product_cat?post=8253"},{"taxonomy":"product_tag","embeddable":true,"href":"https:\/\/kindart.is\/en\/wp-json\/wp\/v2\/product_tag?post=8253"}],"curies":[{"name":"wp","href":"https:\/\/api.w.org\/{rel}","templated":true}]}}