{"id":8259,"date":"2023-09-05T07:20:42","date_gmt":"2023-09-05T07:20:42","guid":{"rendered":"https:\/\/kindart.is\/product\/bref-til-jons-sigurdssonar\/"},"modified":"2023-09-05T07:20:42","modified_gmt":"2023-09-05T07:20:42","slug":"bref-til-jons-sigurdssonar","status":"publish","type":"product","link":"https:\/\/kindart.is\/en\/vara\/bref-til-jons-sigurdssonar\/","title":{"rendered":"Br\u00e9f til J\u00f3ns Sigur\u00f0ssonar"},"content":{"rendered":"<p><strong>Br\u00e9f til J\u00f3ns Sigur\u00f0ssonar<\/strong>. I. Bindi. Br\u00e9fritarar: Sveinbj\u00f6rn Egilsson, G\u00edsli Hj\u00e1lmarsson, Sigur\u00f0ur Gu\u00f0nason og \u00deorsteinn P\u00e1lsson. B\u00f3kin er bundin \u00ed rex\u00edn kj\u00f6l og horn og gyllt \u00e1 kj\u00f6l. Gr\u00e1r spjldapapp\u00edr\u00deessir s\u00e1u um \u00fatg\u00e1funa: Bjarni Vilhj\u00e1lmsson, Finnbogi Gu\u00f0mundsson og J\u00f3hannes Halld\u00f3rsson. . St\u00e6r\u00f0: 21.5 X 15.3 cm og 179 bls.<\/p>\n<p><strong>\u00datg\u00e1fa og prentun<\/strong>:<br \/>\nB\u00f3ka\u00fatg\u00e1fa Menningarsj\u00f3\u00f0s og \u00dej\u00f3\u00f0vinaf\u00e9lagsins, 1980 Prentun: Al\u00fe\u00fd\u00f0uprentsmi\u00f0jan.<\/p>\n","protected":false},"excerpt":{"rendered":"<p>Br\u00e9f til J\u00f3ns Sigur\u00f0ssonar. I. Bindi. Br\u00e9fritarar: Sveinbj\u00f6rn Egilsson, G\u00edsli Hj\u00e1lmarsson, Sigur\u00f0ur Gu\u00f0nason og \u00deorsteinn P\u00e1lsson. B\u00f3kin er bundin \u00ed rex\u00edn kj\u00f6l og horn og gyllt \u00e1 kj\u00f6l. Gr\u00e1r spjldapapp\u00edr\u00deessir s\u00e1u um \u00fatg\u00e1funa: Bjarni Vilhj\u00e1lmsson, Finnbogi Gu\u00f0mundsson og J\u00f3hannes Halld\u00f3rsson. . St\u00e6r\u00f0: 21.5 X 15.3 cm og 179 bls. \u00datg\u00e1fa og prentun: B\u00f3ka\u00fatg\u00e1fa Menningarsj\u00f3\u00f0s og [&hellip;]<\/p>\n","protected":false},"featured_media":8256,"template":"","meta":{"slim_seo":{"title":"Br\u00e9f til J\u00f3ns Sigur\u00f0ssonar - KindArt","description":"Br\u00e9f til J\u00f3ns Sigur\u00f0ssonar . I. Bindi. Br\u00e9fritarar: Sveinbj\u00f6rn Egilsson, G\u00edsli Hj\u00e1lmarsson, Sigur\u00f0ur Gu\u00f0nason og \u00deorsteinn P\u00e1lsson. B\u00f3kin er bundin \u00ed rex\u00edn kj\u00f6l"}},"product_brand":[],"product_cat":[83],"product_tag":[],"class_list":{"0":"post-8259","1":"product","2":"type-product","3":"status-publish","4":"has-post-thumbnail","6":"product_cat-books","7":"product_shipping_class-small-en","9":"first","10":"instock","11":"purchasable","12":"product-type-simple"},"_links":{"self":[{"href":"https:\/\/kindart.is\/en\/wp-json\/wp\/v2\/product\/8259","targetHints":{"allow":["GET"]}}],"collection":[{"href":"https:\/\/kindart.is\/en\/wp-json\/wp\/v2\/product"}],"about":[{"href":"https:\/\/kindart.is\/en\/wp-json\/wp\/v2\/types\/product"}],"wp:featuredmedia":[{"embeddable":true,"href":"https:\/\/kindart.is\/en\/wp-json\/wp\/v2\/media\/8256"}],"wp:attachment":[{"href":"https:\/\/kindart.is\/en\/wp-json\/wp\/v2\/media?parent=8259"}],"wp:term":[{"taxonomy":"product_brand","embeddable":true,"href":"https:\/\/kindart.is\/en\/wp-json\/wp\/v2\/product_brand?post=8259"},{"taxonomy":"product_cat","embeddable":true,"href":"https:\/\/kindart.is\/en\/wp-json\/wp\/v2\/product_cat?post=8259"},{"taxonomy":"product_tag","embeddable":true,"href":"https:\/\/kindart.is\/en\/wp-json\/wp\/v2\/product_tag?post=8259"}],"curies":[{"name":"wp","href":"https:\/\/api.w.org\/{rel}","templated":true}]}}