{"id":8265,"date":"2023-09-05T07:26:51","date_gmt":"2023-09-05T07:26:51","guid":{"rendered":"https:\/\/kindart.is\/product\/ingolfur\/"},"modified":"2024-10-19T15:53:39","modified_gmt":"2024-10-19T15:53:39","slug":"ingolfur","status":"publish","type":"product","link":"https:\/\/kindart.is\/en\/vara\/ingolfur\/","title":{"rendered":"Ing\u00f3lfur"},"content":{"rendered":"<p><strong>Ing\u00f3lfur<\/strong> var gefinn \u00fat 1903-1915. Bla\u00f0inu var fyrst \u00e6tla\u00f0 a\u00f0 fjalla um b\u00e6jarm\u00e1l \u00ed Reykjav\u00edk, en var\u00f0 s\u00ed\u00f0ar m\u00e1lgagn Landvarnarflokksins. \u00c1ri\u00f0 1904 sameina\u00f0ist Bjarki fr\u00e1 Sey\u00f0isfir\u00f0i Ing\u00f3lfi og s\u00ed\u00f0ar 1907 ger\u00f0i Dagfari \u00e1 Eskifir\u00f0i \u00fea\u00f0 sama. Ritstj\u00f3ri: Bjarni J\u00f3nsson fr\u00e1 Vogi. \u00deessi \u00e1rgangur er bundinn \u00ed r\u00e6filslega b\u00f3k, shirting \u00e1 kj\u00f6l og pappaspj\u00f6ld<\/p>\n<p><strong>\u00datg\u00e1fa og prentun<\/strong>:<br \/>\nHlutaf\u00e9lagi\u00f0 Ing\u00f3lfur. 1904, Prentun: F\u00e9lagsprentsmi\u00f0jan.<\/p>\n","protected":false},"excerpt":{"rendered":"<p>Ing\u00f3lfur var gefinn \u00fat 1903-1915. Bla\u00f0inu var fyrst \u00e6tla\u00f0 a\u00f0 fjalla um b\u00e6jarm\u00e1l \u00ed Reykjav\u00edk, en var\u00f0 s\u00ed\u00f0ar m\u00e1lgagn Landvarnarflokksins. \u00c1ri\u00f0 1904 sameina\u00f0ist Bjarki fr\u00e1 Sey\u00f0isfir\u00f0i Ing\u00f3lfi og s\u00ed\u00f0ar 1907 ger\u00f0i Dagfari \u00e1 Eskifir\u00f0i \u00fea\u00f0 sama. Ritstj\u00f3ri: Bjarni J\u00f3nsson fr\u00e1 Vogi. \u00deessi \u00e1rgangur er bundinn \u00ed r\u00e6filslega b\u00f3k, shirting \u00e1 kj\u00f6l og pappaspj\u00f6ld \u00datg\u00e1fa og [&hellip;]<\/p>\n","protected":false},"featured_media":8262,"template":"","meta":{"slim_seo":{"title":"Ing\u00f3lfur - KindArt","description":"Ing\u00f3lfur var gefinn \u00fat 1903-1915. Bla\u00f0inu var fyrst \u00e6tla\u00f0 a\u00f0 fjalla um b\u00e6jarm\u00e1l \u00ed Reykjav\u00edk, en var\u00f0 s\u00ed\u00f0ar m\u00e1lgagn Landvarnarflokksins. \u00c1ri\u00f0 1904 sameina\u00f0ist Bj"}},"product_brand":[],"product_cat":[83],"product_tag":[],"class_list":{"0":"post-8265","1":"product","2":"type-product","3":"status-publish","4":"has-post-thumbnail","6":"product_cat-books","7":"product_shipping_class-small-en","9":"first","10":"outofstock","11":"purchasable","12":"product-type-simple"},"_links":{"self":[{"href":"https:\/\/kindart.is\/en\/wp-json\/wp\/v2\/product\/8265","targetHints":{"allow":["GET"]}}],"collection":[{"href":"https:\/\/kindart.is\/en\/wp-json\/wp\/v2\/product"}],"about":[{"href":"https:\/\/kindart.is\/en\/wp-json\/wp\/v2\/types\/product"}],"wp:featuredmedia":[{"embeddable":true,"href":"https:\/\/kindart.is\/en\/wp-json\/wp\/v2\/media\/8262"}],"wp:attachment":[{"href":"https:\/\/kindart.is\/en\/wp-json\/wp\/v2\/media?parent=8265"}],"wp:term":[{"taxonomy":"product_brand","embeddable":true,"href":"https:\/\/kindart.is\/en\/wp-json\/wp\/v2\/product_brand?post=8265"},{"taxonomy":"product_cat","embeddable":true,"href":"https:\/\/kindart.is\/en\/wp-json\/wp\/v2\/product_cat?post=8265"},{"taxonomy":"product_tag","embeddable":true,"href":"https:\/\/kindart.is\/en\/wp-json\/wp\/v2\/product_tag?post=8265"}],"curies":[{"name":"wp","href":"https:\/\/api.w.org\/{rel}","templated":true}]}}