{"id":8273,"date":"2023-09-05T07:35:39","date_gmt":"2023-09-05T07:35:39","guid":{"rendered":"https:\/\/kindart.is\/product\/nordurljosid-1886-1889\/"},"modified":"2023-10-13T17:59:01","modified_gmt":"2023-10-13T17:59:01","slug":"nordurljosid-1886-1889","status":"publish","type":"product","link":"https:\/\/kindart.is\/en\/vara\/nordurljosid-1886-1889\/","title":{"rendered":"Nor\u00f0urlj\u00f3si\u00f0 1886-1889"},"content":{"rendered":"<p><strong>Nor\u00f0urlj\u00f3si\u00f0 1886-1889<\/strong>. Fyrstu fj\u00f3rir \u00e1rgangarnir bundnir \u00ed eina b\u00f3k, pappaspj\u00f6ld og shirtingskj\u00f6l, kl\u00e6tt me\u00f0 g\u00f6mlum marmorpapp\u00edr. \u00c1byrg\u00f0arma\u00f0ur og ritstj\u00f3ri: P\u00e1ll J\u00f3nsson \u00c1rdal.. Skemmti- og fr\u00e6\u00f0irit.<\/p>\n<p><strong>\u00datg\u00e1fa og prentun<\/strong>:<br \/>\n\u00datg\u00e1fusta\u00f0ir: Akureyri og Reykjav\u00edk. 1886-1893. Prentun: Prentsmi\u00f0ja Bj\u00f6rns J\u00f3nssonar \u00e1 Akureyri<\/p>\n","protected":false},"excerpt":{"rendered":"<p>Nor\u00f0urlj\u00f3si\u00f0 1886-1889. Fyrstu fj\u00f3rir \u00e1rgangarnir bundnir \u00ed eina b\u00f3k, pappaspj\u00f6ld og shirtingskj\u00f6l, kl\u00e6tt me\u00f0 g\u00f6mlum marmorpapp\u00edr. \u00c1byrg\u00f0arma\u00f0ur og ritstj\u00f3ri: P\u00e1ll J\u00f3nsson \u00c1rdal.. Skemmti- og fr\u00e6\u00f0irit. \u00datg\u00e1fa og prentun: \u00datg\u00e1fusta\u00f0ir: Akureyri og Reykjav\u00edk. 1886-1893. Prentun: Prentsmi\u00f0ja Bj\u00f6rns J\u00f3nssonar \u00e1 Akureyri<\/p>\n","protected":false},"featured_media":8268,"template":"","meta":{"slim_seo":{"title":"Nor\u00f0urlj\u00f3si\u00f0 1886-1889 - KindArt","description":"Nor\u00f0urlj\u00f3si\u00f0 1886-1889 . Fyrstu fj\u00f3rir \u00e1rgangarnir bundnir \u00ed eina b\u00f3k, pappaspj\u00f6ld og shirtingskj\u00f6l, kl\u00e6tt me\u00f0 g\u00f6mlum marmorpapp\u00edr. \u00c1byrg\u00f0arma\u00f0ur og ritstj\u00f3ri:"}},"product_brand":[],"product_cat":[83],"product_tag":[],"class_list":{"0":"post-8273","1":"product","2":"type-product","3":"status-publish","4":"has-post-thumbnail","6":"product_cat-books","7":"product_shipping_class-small-en","9":"first","10":"outofstock","11":"purchasable","12":"product-type-simple"},"_links":{"self":[{"href":"https:\/\/kindart.is\/en\/wp-json\/wp\/v2\/product\/8273","targetHints":{"allow":["GET"]}}],"collection":[{"href":"https:\/\/kindart.is\/en\/wp-json\/wp\/v2\/product"}],"about":[{"href":"https:\/\/kindart.is\/en\/wp-json\/wp\/v2\/types\/product"}],"wp:featuredmedia":[{"embeddable":true,"href":"https:\/\/kindart.is\/en\/wp-json\/wp\/v2\/media\/8268"}],"wp:attachment":[{"href":"https:\/\/kindart.is\/en\/wp-json\/wp\/v2\/media?parent=8273"}],"wp:term":[{"taxonomy":"product_brand","embeddable":true,"href":"https:\/\/kindart.is\/en\/wp-json\/wp\/v2\/product_brand?post=8273"},{"taxonomy":"product_cat","embeddable":true,"href":"https:\/\/kindart.is\/en\/wp-json\/wp\/v2\/product_cat?post=8273"},{"taxonomy":"product_tag","embeddable":true,"href":"https:\/\/kindart.is\/en\/wp-json\/wp\/v2\/product_tag?post=8273"}],"curies":[{"name":"wp","href":"https:\/\/api.w.org\/{rel}","templated":true}]}}