{"id":8299,"date":"2023-09-07T14:49:50","date_gmt":"2023-09-07T14:49:50","guid":{"rendered":"https:\/\/kindart.is\/?post_type=product&#038;p=8299"},"modified":"2023-09-07T14:49:50","modified_gmt":"2023-09-07T14:49:50","slug":"fjallkongar-a-heidi-kings-of-the-highlands-30x80","status":"publish","type":"product","link":"https:\/\/kindart.is\/en\/vara\/fjallkongar-a-heidi-kings-of-the-highlands-30x80\/","title":{"rendered":"Fjallk\u00f3ngar \u00e1 hei\u00f0i \/ Kings of the highlands (30&#215;80)"},"content":{"rendered":"<p>Akr\u00fdl \/ bl\u00f6ndu\u00f0 t\u00e6kni \u00e1 striga, 30&#215;80 cm<\/p>\n<p>Acryl \/ mixed media on canvas, 30&#215;80 cm<\/p>\n<p>(2023)<\/p>\n","protected":false},"excerpt":{"rendered":"<p>Akr\u00fdl \/ bl\u00f6ndu\u00f0 t\u00e6kni \u00e1 striga, 30&#215;80 cm Acryl \/ mixed media on canvas, 30&#215;80 cm (2023)<\/p>\n","protected":false},"featured_media":8300,"template":"","meta":{"slim_seo":{"title":"Fjallk\u00f3ngar \u00e1 hei\u00f0i \/ Kings of the highlands (30x80) - KindArt","description":"Akr\u00fdl \/ bl\u00f6ndu\u00f0 t\u00e6kni \u00e1 striga, 30x80 cm Acryl \/ mixed media on canvas, 30x80 cm (2023)"}},"product_brand":[],"product_cat":[56],"product_tag":[],"class_list":{"0":"post-8299","1":"product","2":"type-product","3":"status-publish","4":"has-post-thumbnail","6":"product_cat-listaverk","7":"product_shipping_class-midlungs","9":"first","10":"instock","11":"purchasable","12":"product-type-simple"},"_links":{"self":[{"href":"https:\/\/kindart.is\/en\/wp-json\/wp\/v2\/product\/8299","targetHints":{"allow":["GET"]}}],"collection":[{"href":"https:\/\/kindart.is\/en\/wp-json\/wp\/v2\/product"}],"about":[{"href":"https:\/\/kindart.is\/en\/wp-json\/wp\/v2\/types\/product"}],"wp:featuredmedia":[{"embeddable":true,"href":"https:\/\/kindart.is\/en\/wp-json\/wp\/v2\/media\/8300"}],"wp:attachment":[{"href":"https:\/\/kindart.is\/en\/wp-json\/wp\/v2\/media?parent=8299"}],"wp:term":[{"taxonomy":"product_brand","embeddable":true,"href":"https:\/\/kindart.is\/en\/wp-json\/wp\/v2\/product_brand?post=8299"},{"taxonomy":"product_cat","embeddable":true,"href":"https:\/\/kindart.is\/en\/wp-json\/wp\/v2\/product_cat?post=8299"},{"taxonomy":"product_tag","embeddable":true,"href":"https:\/\/kindart.is\/en\/wp-json\/wp\/v2\/product_tag?post=8299"}],"curies":[{"name":"wp","href":"https:\/\/api.w.org\/{rel}","templated":true}]}}