{"id":8305,"date":"2023-09-07T15:02:59","date_gmt":"2023-09-07T15:02:59","guid":{"rendered":"https:\/\/kindart.is\/?post_type=product&#038;p=8305"},"modified":"2023-09-07T15:02:59","modified_gmt":"2023-09-07T15:02:59","slug":"heidargimbrar-ii-ewes-of-the-highlands-ii-50x80-cm","status":"publish","type":"product","link":"https:\/\/kindart.is\/en\/vara\/heidargimbrar-ii-ewes-of-the-highlands-ii-50x80-cm\/","title":{"rendered":"Hei\u00f0argimbrar II \/ Ewes of the highlands II (50&#215;80 cm)"},"content":{"rendered":"<p>Akr\u00fdl \/ bl\u00f6ndu\u00f0 t\u00e6kni \u00e1 striga, 50&#215;80 cm<\/p>\n<p>Acryl \/ mixed media on canvas, 50&#215;80 cm<\/p>\n<p>(2023)<\/p>\n","protected":false},"excerpt":{"rendered":"<p>Akr\u00fdl \/ bl\u00f6ndu\u00f0 t\u00e6kni \u00e1 striga, 50&#215;80 cm Acryl \/ mixed media on canvas, 50&#215;80 cm (2023)<\/p>\n","protected":false},"featured_media":8306,"template":"","meta":{"slim_seo":{"title":"Hei\u00f0argimbrar II \/ Ewes of the highlands II (50x80 cm) - KindArt","description":"Akr\u00fdl \/ bl\u00f6ndu\u00f0 t\u00e6kni \u00e1 striga, 50x80 cm Acryl \/ mixed media on canvas, 50x80 cm (2023)"}},"product_brand":[],"product_cat":[56],"product_tag":[],"class_list":{"0":"post-8305","1":"product","2":"type-product","3":"status-publish","4":"has-post-thumbnail","6":"product_cat-listaverk","7":"product_shipping_class-midlungs","9":"first","10":"instock","11":"purchasable","12":"product-type-simple"},"_links":{"self":[{"href":"https:\/\/kindart.is\/en\/wp-json\/wp\/v2\/product\/8305","targetHints":{"allow":["GET"]}}],"collection":[{"href":"https:\/\/kindart.is\/en\/wp-json\/wp\/v2\/product"}],"about":[{"href":"https:\/\/kindart.is\/en\/wp-json\/wp\/v2\/types\/product"}],"wp:featuredmedia":[{"embeddable":true,"href":"https:\/\/kindart.is\/en\/wp-json\/wp\/v2\/media\/8306"}],"wp:attachment":[{"href":"https:\/\/kindart.is\/en\/wp-json\/wp\/v2\/media?parent=8305"}],"wp:term":[{"taxonomy":"product_brand","embeddable":true,"href":"https:\/\/kindart.is\/en\/wp-json\/wp\/v2\/product_brand?post=8305"},{"taxonomy":"product_cat","embeddable":true,"href":"https:\/\/kindart.is\/en\/wp-json\/wp\/v2\/product_cat?post=8305"},{"taxonomy":"product_tag","embeddable":true,"href":"https:\/\/kindart.is\/en\/wp-json\/wp\/v2\/product_tag?post=8305"}],"curies":[{"name":"wp","href":"https:\/\/api.w.org\/{rel}","templated":true}]}}