{"id":8308,"date":"2023-09-07T15:07:28","date_gmt":"2023-09-07T15:07:28","guid":{"rendered":"https:\/\/kindart.is\/?post_type=product&#038;p=8308"},"modified":"2023-09-07T15:07:28","modified_gmt":"2023-09-07T15:07:28","slug":"heidargimbrar-iii-ewes-of-the-highlands-iii-60x100-cm","status":"publish","type":"product","link":"https:\/\/kindart.is\/en\/vara\/heidargimbrar-iii-ewes-of-the-highlands-iii-60x100-cm\/","title":{"rendered":"Hei\u00f0argimbrar III \/ Ewes of the highlands III (60&#215;100 cm)"},"content":{"rendered":"<p>Akr\u00fdl \/ bl\u00f6ndu\u00f0 t\u00e6kni \u00e1 striga, 60&#215;100 cm<\/p>\n<p>Acryl \/ mixed media on canvas, 60&#215;100 cm<\/p>\n<p>(2023)<\/p>\n","protected":false},"excerpt":{"rendered":"<p>Akr\u00fdl \/ bl\u00f6ndu\u00f0 t\u00e6kni \u00e1 striga, 60&#215;100 cm Acryl \/ mixed media on canvas, 60&#215;100 cm (2023)<\/p>\n","protected":false},"featured_media":8309,"template":"","meta":{"slim_seo":{"title":"Hei\u00f0argimbrar III \/ Ewes of the highlands III (60x100 cm) - KindArt","description":"Akr\u00fdl \/ bl\u00f6ndu\u00f0 t\u00e6kni \u00e1 striga, 60x100 cm Acryl \/ mixed media on canvas, 60x100 cm (2023)"}},"product_brand":[],"product_cat":[56],"product_tag":[],"class_list":{"0":"post-8308","1":"product","2":"type-product","3":"status-publish","4":"has-post-thumbnail","6":"product_cat-listaverk","7":"product_shipping_class-midlungs","9":"first","10":"instock","11":"purchasable","12":"product-type-simple"},"_links":{"self":[{"href":"https:\/\/kindart.is\/en\/wp-json\/wp\/v2\/product\/8308","targetHints":{"allow":["GET"]}}],"collection":[{"href":"https:\/\/kindart.is\/en\/wp-json\/wp\/v2\/product"}],"about":[{"href":"https:\/\/kindart.is\/en\/wp-json\/wp\/v2\/types\/product"}],"wp:featuredmedia":[{"embeddable":true,"href":"https:\/\/kindart.is\/en\/wp-json\/wp\/v2\/media\/8309"}],"wp:attachment":[{"href":"https:\/\/kindart.is\/en\/wp-json\/wp\/v2\/media?parent=8308"}],"wp:term":[{"taxonomy":"product_brand","embeddable":true,"href":"https:\/\/kindart.is\/en\/wp-json\/wp\/v2\/product_brand?post=8308"},{"taxonomy":"product_cat","embeddable":true,"href":"https:\/\/kindart.is\/en\/wp-json\/wp\/v2\/product_cat?post=8308"},{"taxonomy":"product_tag","embeddable":true,"href":"https:\/\/kindart.is\/en\/wp-json\/wp\/v2\/product_tag?post=8308"}],"curies":[{"name":"wp","href":"https:\/\/api.w.org\/{rel}","templated":true}]}}