{"id":8311,"date":"2023-09-07T15:13:08","date_gmt":"2023-09-07T15:13:08","guid":{"rendered":"https:\/\/kindart.is\/?post_type=product&#038;p=8311"},"modified":"2023-11-27T06:08:41","modified_gmt":"2023-11-27T06:08:41","slug":"heidarhrutar-i-rams-of-the-highlands-i-20x50-cm","status":"publish","type":"product","link":"https:\/\/kindart.is\/en\/vara\/heidarhrutar-i-rams-of-the-highlands-i-20x50-cm\/","title":{"rendered":"Hei\u00f0arhr\u00fatar I \/ Rams of the highlands I (20&#215;50 cm)"},"content":{"rendered":"<p>Akr\u00fdl \/ bl\u00f6ndu\u00f0 t\u00e6kni \u00e1 striga, 20&#215;50 cm<\/p>\n<p>Acryl \/ mixed media on canvas, 20&#215;50 cm<\/p>\n<p>(2023)<\/p>\n","protected":false},"excerpt":{"rendered":"<p>Akr\u00fdl \/ bl\u00f6ndu\u00f0 t\u00e6kni \u00e1 striga, 20&#215;50 cm Acryl \/ mixed media on canvas, 20&#215;50 cm (2023)<\/p>\n","protected":false},"featured_media":8312,"template":"","meta":{"slim_seo":{"title":"Hei\u00f0arhr\u00fatar I \/ Rams of the highlands I (20x50 cm) - KindArt","description":"Akr\u00fdl \/ bl\u00f6ndu\u00f0 t\u00e6kni \u00e1 striga, 20x50 cm Acryl \/ mixed media on canvas, 20x50 cm (2023)"}},"product_brand":[],"product_cat":[56],"product_tag":[],"class_list":{"0":"post-8311","1":"product","2":"type-product","3":"status-publish","4":"has-post-thumbnail","6":"product_cat-listaverk","7":"product_shipping_class-litill","9":"first","10":"outofstock","11":"purchasable","12":"product-type-simple"},"_links":{"self":[{"href":"https:\/\/kindart.is\/en\/wp-json\/wp\/v2\/product\/8311","targetHints":{"allow":["GET"]}}],"collection":[{"href":"https:\/\/kindart.is\/en\/wp-json\/wp\/v2\/product"}],"about":[{"href":"https:\/\/kindart.is\/en\/wp-json\/wp\/v2\/types\/product"}],"wp:featuredmedia":[{"embeddable":true,"href":"https:\/\/kindart.is\/en\/wp-json\/wp\/v2\/media\/8312"}],"wp:attachment":[{"href":"https:\/\/kindart.is\/en\/wp-json\/wp\/v2\/media?parent=8311"}],"wp:term":[{"taxonomy":"product_brand","embeddable":true,"href":"https:\/\/kindart.is\/en\/wp-json\/wp\/v2\/product_brand?post=8311"},{"taxonomy":"product_cat","embeddable":true,"href":"https:\/\/kindart.is\/en\/wp-json\/wp\/v2\/product_cat?post=8311"},{"taxonomy":"product_tag","embeddable":true,"href":"https:\/\/kindart.is\/en\/wp-json\/wp\/v2\/product_tag?post=8311"}],"curies":[{"name":"wp","href":"https:\/\/api.w.org\/{rel}","templated":true}]}}