{"id":8314,"date":"2023-09-07T15:17:01","date_gmt":"2023-09-07T15:17:01","guid":{"rendered":"https:\/\/kindart.is\/?post_type=product&#038;p=8314"},"modified":"2025-02-13T18:31:49","modified_gmt":"2025-02-13T18:31:49","slug":"heidarhrutar-ii-rams-of-the-highlands-ii-30x60-cm","status":"publish","type":"product","link":"https:\/\/kindart.is\/en\/vara\/heidarhrutar-ii-rams-of-the-highlands-ii-30x60-cm\/","title":{"rendered":"Hei\u00f0arhr\u00fatar II \/ Rams of the highlands II (30&#215;60 cm)"},"content":{"rendered":"<p>Akr\u00fdl \/ bl\u00f6ndu\u00f0 t\u00e6kni \u00e1 striga, 30&#215;60 cm<\/p>\n<p>Acryl \/ mixed media on canvas, 30&#215;60 cm<\/p>\n<p>(2023)<\/p>\n","protected":false},"excerpt":{"rendered":"<p>Akr\u00fdl \/ bl\u00f6ndu\u00f0 t\u00e6kni \u00e1 striga, 30&#215;60 cm Acryl \/ mixed media on canvas, 30&#215;60 cm (2023)<\/p>\n","protected":false},"featured_media":8316,"template":"","meta":{"slim_seo":{"title":"Hei\u00f0arhr\u00fatar II \/ Rams of the highlands II (30x60 cm) - KindArt","description":"Akr\u00fdl \/ bl\u00f6ndu\u00f0 t\u00e6kni \u00e1 striga, 30x60 cm Acryl \/ mixed media on canvas, 30x60 cm (2023)"}},"product_brand":[],"product_cat":[56],"product_tag":[],"class_list":{"0":"post-8314","1":"product","2":"type-product","3":"status-publish","4":"has-post-thumbnail","6":"product_cat-listaverk","7":"product_shipping_class-midlungs","9":"first","10":"outofstock","11":"purchasable","12":"product-type-simple"},"_links":{"self":[{"href":"https:\/\/kindart.is\/en\/wp-json\/wp\/v2\/product\/8314","targetHints":{"allow":["GET"]}}],"collection":[{"href":"https:\/\/kindart.is\/en\/wp-json\/wp\/v2\/product"}],"about":[{"href":"https:\/\/kindart.is\/en\/wp-json\/wp\/v2\/types\/product"}],"wp:featuredmedia":[{"embeddable":true,"href":"https:\/\/kindart.is\/en\/wp-json\/wp\/v2\/media\/8316"}],"wp:attachment":[{"href":"https:\/\/kindart.is\/en\/wp-json\/wp\/v2\/media?parent=8314"}],"wp:term":[{"taxonomy":"product_brand","embeddable":true,"href":"https:\/\/kindart.is\/en\/wp-json\/wp\/v2\/product_brand?post=8314"},{"taxonomy":"product_cat","embeddable":true,"href":"https:\/\/kindart.is\/en\/wp-json\/wp\/v2\/product_cat?post=8314"},{"taxonomy":"product_tag","embeddable":true,"href":"https:\/\/kindart.is\/en\/wp-json\/wp\/v2\/product_tag?post=8314"}],"curies":[{"name":"wp","href":"https:\/\/api.w.org\/{rel}","templated":true}]}}