{"id":8323,"date":"2023-09-08T10:54:08","date_gmt":"2023-09-08T10:54:08","guid":{"rendered":"https:\/\/kindart.is\/?post_type=product&#038;p=8323"},"modified":"2023-09-08T10:54:08","modified_gmt":"2023-09-08T10:54:08","slug":"hrutar-a-heidi-highland-rams-80x120-cm","status":"publish","type":"product","link":"https:\/\/kindart.is\/en\/vara\/hrutar-a-heidi-highland-rams-80x120-cm\/","title":{"rendered":"Hr\u00fatar \u00e1 hei\u00f0i \/ Highland Rams (80&#215;120 cm)"},"content":{"rendered":"<p>Akr\u00fdl \/ bl\u00f6ndu\u00f0 t\u00e6kni \u00e1 striga, 80&#215;120 cm<\/p>\n<p>Acryl \/ mixed media on canvas, 80&#215;120 cm<\/p>\n<p>(2023)<\/p>\n","protected":false},"excerpt":{"rendered":"<p>Akr\u00fdl \/ bl\u00f6ndu\u00f0 t\u00e6kni \u00e1 striga, 80&#215;120 cm Acryl \/ mixed media on canvas, 80&#215;120 cm (2023)<\/p>\n","protected":false},"featured_media":8324,"template":"","meta":{"slim_seo":{"title":"Hr\u00fatar \u00e1 hei\u00f0i \/ Highland Rams (80x120 cm) - KindArt","description":"Akr\u00fdl \/ bl\u00f6ndu\u00f0 t\u00e6kni \u00e1 striga, 80x120 cm Acryl \/ mixed media on canvas, 80x120 cm (2023)"}},"product_brand":[],"product_cat":[56],"product_tag":[],"class_list":{"0":"post-8323","1":"product","2":"type-product","3":"status-publish","4":"has-post-thumbnail","6":"product_cat-listaverk","7":"product_shipping_class-stor","9":"first","10":"instock","11":"purchasable","12":"product-type-simple"},"_links":{"self":[{"href":"https:\/\/kindart.is\/en\/wp-json\/wp\/v2\/product\/8323","targetHints":{"allow":["GET"]}}],"collection":[{"href":"https:\/\/kindart.is\/en\/wp-json\/wp\/v2\/product"}],"about":[{"href":"https:\/\/kindart.is\/en\/wp-json\/wp\/v2\/types\/product"}],"wp:featuredmedia":[{"embeddable":true,"href":"https:\/\/kindart.is\/en\/wp-json\/wp\/v2\/media\/8324"}],"wp:attachment":[{"href":"https:\/\/kindart.is\/en\/wp-json\/wp\/v2\/media?parent=8323"}],"wp:term":[{"taxonomy":"product_brand","embeddable":true,"href":"https:\/\/kindart.is\/en\/wp-json\/wp\/v2\/product_brand?post=8323"},{"taxonomy":"product_cat","embeddable":true,"href":"https:\/\/kindart.is\/en\/wp-json\/wp\/v2\/product_cat?post=8323"},{"taxonomy":"product_tag","embeddable":true,"href":"https:\/\/kindart.is\/en\/wp-json\/wp\/v2\/product_tag?post=8323"}],"curies":[{"name":"wp","href":"https:\/\/api.w.org\/{rel}","templated":true}]}}