{"id":8326,"date":"2023-09-08T10:57:58","date_gmt":"2023-09-08T10:57:58","guid":{"rendered":"https:\/\/kindart.is\/?post_type=product&#038;p=8326"},"modified":"2023-09-08T10:57:58","modified_gmt":"2023-09-08T10:57:58","slug":"sjohrutar-ocean-rams-30x80-cm","status":"publish","type":"product","link":"https:\/\/kindart.is\/en\/vara\/sjohrutar-ocean-rams-30x80-cm\/","title":{"rendered":"Sj\u00f3hr\u00fatar \/ Ocean Rams (30&#215;80 cm)"},"content":{"rendered":"<p>Akr\u00fdl \/ bl\u00f6ndu\u00f0 t\u00e6kni \u00e1 striga, 30&#215;80 cm<\/p>\n<p>Acryl \/ mixed media on canvas, 30&#215;80 cm<\/p>\n<p>(2023)<\/p>\n","protected":false},"excerpt":{"rendered":"<p>Akr\u00fdl \/ bl\u00f6ndu\u00f0 t\u00e6kni \u00e1 striga, 30&#215;80 cm Acryl \/ mixed media on canvas, 30&#215;80 cm (2023)<\/p>\n","protected":false},"featured_media":8327,"template":"","meta":{"slim_seo":{"title":"Sj\u00f3hr\u00fatar \/ Ocean Rams (30x80 cm) - KindArt","description":"Akr\u00fdl \/ bl\u00f6ndu\u00f0 t\u00e6kni \u00e1 striga, 30x80 cm Acryl \/ mixed media on canvas, 30x80 cm (2023)"}},"product_brand":[],"product_cat":[56],"product_tag":[],"class_list":{"0":"post-8326","1":"product","2":"type-product","3":"status-publish","4":"has-post-thumbnail","6":"product_cat-listaverk","7":"product_shipping_class-midlungs","9":"first","10":"instock","11":"purchasable","12":"product-type-simple"},"_links":{"self":[{"href":"https:\/\/kindart.is\/en\/wp-json\/wp\/v2\/product\/8326","targetHints":{"allow":["GET"]}}],"collection":[{"href":"https:\/\/kindart.is\/en\/wp-json\/wp\/v2\/product"}],"about":[{"href":"https:\/\/kindart.is\/en\/wp-json\/wp\/v2\/types\/product"}],"wp:featuredmedia":[{"embeddable":true,"href":"https:\/\/kindart.is\/en\/wp-json\/wp\/v2\/media\/8327"}],"wp:attachment":[{"href":"https:\/\/kindart.is\/en\/wp-json\/wp\/v2\/media?parent=8326"}],"wp:term":[{"taxonomy":"product_brand","embeddable":true,"href":"https:\/\/kindart.is\/en\/wp-json\/wp\/v2\/product_brand?post=8326"},{"taxonomy":"product_cat","embeddable":true,"href":"https:\/\/kindart.is\/en\/wp-json\/wp\/v2\/product_cat?post=8326"},{"taxonomy":"product_tag","embeddable":true,"href":"https:\/\/kindart.is\/en\/wp-json\/wp\/v2\/product_tag?post=8326"}],"curies":[{"name":"wp","href":"https:\/\/api.w.org\/{rel}","templated":true}]}}