{"id":8334,"date":"2023-09-08T11:07:15","date_gmt":"2023-09-08T11:07:15","guid":{"rendered":"https:\/\/kindart.is\/?post_type=product&#038;p=8334"},"modified":"2023-09-08T11:07:16","modified_gmt":"2023-09-08T11:07:16","slug":"saudurinn-og-selmatseljan-the-sheep-and-the-milk-maid","status":"publish","type":"product","link":"https:\/\/kindart.is\/en\/vara\/saudurinn-og-selmatseljan-the-sheep-and-the-milk-maid\/","title":{"rendered":"Sau\u00f0urinn og selmatseljan \/ The sheep and the milk maid ("},"content":{"rendered":"<p>Akr\u00fdl \/ bl\u00f6ndu\u00f0 t\u00e6kni \u00e1 striga, 90&#215;90 cm<\/p>\n<p>Acryl \/ mixed media on canvas, 90&#215;90 cm<\/p>\n<p>(2023)<\/p>\n","protected":false},"excerpt":{"rendered":"<p>Akr\u00fdl \/ bl\u00f6ndu\u00f0 t\u00e6kni \u00e1 striga, 90&#215;90 cm Acryl \/ mixed media on canvas, 90&#215;90 cm (2023)<\/p>\n","protected":false},"featured_media":8335,"template":"","meta":{"slim_seo":{"title":"Sau\u00f0urinn og selmatseljan \/ The sheep and the milk maid ( - KindArt","description":"Akr\u00fdl \/ bl\u00f6ndu\u00f0 t\u00e6kni \u00e1 striga, 90x90 cm Acryl \/ mixed media on canvas, 90x90 cm (2023)"}},"product_brand":[],"product_cat":[67],"product_tag":[],"class_list":{"0":"post-8334","1":"product","2":"type-product","3":"status-publish","4":"has-post-thumbnail","6":"product_cat-sold","8":"first","9":"outofstock","10":"purchasable","11":"product-type-simple"},"_links":{"self":[{"href":"https:\/\/kindart.is\/en\/wp-json\/wp\/v2\/product\/8334","targetHints":{"allow":["GET"]}}],"collection":[{"href":"https:\/\/kindart.is\/en\/wp-json\/wp\/v2\/product"}],"about":[{"href":"https:\/\/kindart.is\/en\/wp-json\/wp\/v2\/types\/product"}],"wp:featuredmedia":[{"embeddable":true,"href":"https:\/\/kindart.is\/en\/wp-json\/wp\/v2\/media\/8335"}],"wp:attachment":[{"href":"https:\/\/kindart.is\/en\/wp-json\/wp\/v2\/media?parent=8334"}],"wp:term":[{"taxonomy":"product_brand","embeddable":true,"href":"https:\/\/kindart.is\/en\/wp-json\/wp\/v2\/product_brand?post=8334"},{"taxonomy":"product_cat","embeddable":true,"href":"https:\/\/kindart.is\/en\/wp-json\/wp\/v2\/product_cat?post=8334"},{"taxonomy":"product_tag","embeddable":true,"href":"https:\/\/kindart.is\/en\/wp-json\/wp\/v2\/product_tag?post=8334"}],"curies":[{"name":"wp","href":"https:\/\/api.w.org\/{rel}","templated":true}]}}