{"id":8337,"date":"2023-09-08T19:04:57","date_gmt":"2023-09-08T19:04:57","guid":{"rendered":"https:\/\/kindart.is\/?post_type=product&#038;p=8337"},"modified":"2023-09-08T19:04:57","modified_gmt":"2023-09-08T19:04:57","slug":"storbaendur-i-myrdal-farmers-in-myrdalur-80x120-cm","status":"publish","type":"product","link":"https:\/\/kindart.is\/en\/vara\/storbaendur-i-myrdal-farmers-in-myrdalur-80x120-cm\/","title":{"rendered":"St\u00f3rb\u00e6ndur \u00ed M\u00fdrdal \/ Farmers in M\u00fdrdalur (80&#215;120 cm)"},"content":{"rendered":"<p>Akr\u00fdl \/ bl\u00f6ndu\u00f0 t\u00e6kni \u00e1 striga, 80&#215;120 (S\u00e9rp\u00f6ntun)<\/p>\n<p>Acryl \/ mixed media on canvas, 80&#215;120 cm (Commission)<\/p>\n","protected":false},"excerpt":{"rendered":"<p>Akr\u00fdl \/ bl\u00f6ndu\u00f0 t\u00e6kni \u00e1 striga, 80&#215;120 (S\u00e9rp\u00f6ntun) Acryl \/ mixed media on canvas, 80&#215;120 cm (Commission)<\/p>\n","protected":false},"featured_media":8340,"template":"","meta":{"slim_seo":{"title":"St\u00f3rb\u00e6ndur \u00ed M\u00fdrdal \/ Farmers in M\u00fdrdalur (80x120 cm) - KindArt","description":"Akr\u00fdl \/ bl\u00f6ndu\u00f0 t\u00e6kni \u00e1 striga, 80x120 (S\u00e9rp\u00f6ntun) Acryl \/ mixed media on canvas, 80x120 cm (Commission)"}},"product_brand":[],"product_cat":[67],"product_tag":[],"class_list":{"0":"post-8337","1":"product","2":"type-product","3":"status-publish","4":"has-post-thumbnail","6":"product_cat-sold","8":"first","9":"outofstock","10":"product-type-simple"},"_links":{"self":[{"href":"https:\/\/kindart.is\/en\/wp-json\/wp\/v2\/product\/8337","targetHints":{"allow":["GET"]}}],"collection":[{"href":"https:\/\/kindart.is\/en\/wp-json\/wp\/v2\/product"}],"about":[{"href":"https:\/\/kindart.is\/en\/wp-json\/wp\/v2\/types\/product"}],"wp:featuredmedia":[{"embeddable":true,"href":"https:\/\/kindart.is\/en\/wp-json\/wp\/v2\/media\/8340"}],"wp:attachment":[{"href":"https:\/\/kindart.is\/en\/wp-json\/wp\/v2\/media?parent=8337"}],"wp:term":[{"taxonomy":"product_brand","embeddable":true,"href":"https:\/\/kindart.is\/en\/wp-json\/wp\/v2\/product_brand?post=8337"},{"taxonomy":"product_cat","embeddable":true,"href":"https:\/\/kindart.is\/en\/wp-json\/wp\/v2\/product_cat?post=8337"},{"taxonomy":"product_tag","embeddable":true,"href":"https:\/\/kindart.is\/en\/wp-json\/wp\/v2\/product_tag?post=8337"}],"curies":[{"name":"wp","href":"https:\/\/api.w.org\/{rel}","templated":true}]}}