{"id":8342,"date":"2023-09-08T19:10:10","date_gmt":"2023-09-08T19:10:10","guid":{"rendered":"https:\/\/kindart.is\/?post_type=product&#038;p=8342"},"modified":"2023-09-08T19:10:11","modified_gmt":"2023-09-08T19:10:11","slug":"land-rover-1963-60x80-cm","status":"publish","type":"product","link":"https:\/\/kindart.is\/en\/vara\/land-rover-1963-60x80-cm\/","title":{"rendered":"Land Rover 1963 (60&#215;80 cm)"},"content":{"rendered":"<p>Akr\u00fdl \/ bl\u00f6ndu\u00f0 t\u00e6kni \u00e1 striga, 60&#215;80 cm (s\u00e9rp\u00f6ntun)<\/p>\n<p>Acryl \/ mixed media on canvas, 60&#215;80 cm (commission)<\/p>\n<p>(2023)<\/p>\n","protected":false},"excerpt":{"rendered":"<p>Akr\u00fdl \/ bl\u00f6ndu\u00f0 t\u00e6kni \u00e1 striga, 60&#215;80 cm (s\u00e9rp\u00f6ntun) Acryl \/ mixed media on canvas, 60&#215;80 cm (commission) (2023)<\/p>\n","protected":false},"featured_media":8343,"template":"","meta":{"slim_seo":{"title":"Land Rover 1963 (60x80 cm) - KindArt","description":"Akr\u00fdl \/ bl\u00f6ndu\u00f0 t\u00e6kni \u00e1 striga, 60x80 cm (s\u00e9rp\u00f6ntun) Acryl \/ mixed media on canvas, 60x80 cm (commission) (2023)"}},"product_brand":[],"product_cat":[67],"product_tag":[],"class_list":{"0":"post-8342","1":"product","2":"type-product","3":"status-publish","4":"has-post-thumbnail","6":"product_cat-sold","8":"first","9":"outofstock","10":"product-type-simple"},"_links":{"self":[{"href":"https:\/\/kindart.is\/en\/wp-json\/wp\/v2\/product\/8342","targetHints":{"allow":["GET"]}}],"collection":[{"href":"https:\/\/kindart.is\/en\/wp-json\/wp\/v2\/product"}],"about":[{"href":"https:\/\/kindart.is\/en\/wp-json\/wp\/v2\/types\/product"}],"wp:featuredmedia":[{"embeddable":true,"href":"https:\/\/kindart.is\/en\/wp-json\/wp\/v2\/media\/8343"}],"wp:attachment":[{"href":"https:\/\/kindart.is\/en\/wp-json\/wp\/v2\/media?parent=8342"}],"wp:term":[{"taxonomy":"product_brand","embeddable":true,"href":"https:\/\/kindart.is\/en\/wp-json\/wp\/v2\/product_brand?post=8342"},{"taxonomy":"product_cat","embeddable":true,"href":"https:\/\/kindart.is\/en\/wp-json\/wp\/v2\/product_cat?post=8342"},{"taxonomy":"product_tag","embeddable":true,"href":"https:\/\/kindart.is\/en\/wp-json\/wp\/v2\/product_tag?post=8342"}],"curies":[{"name":"wp","href":"https:\/\/api.w.org\/{rel}","templated":true}]}}