{"id":8348,"date":"2023-09-08T19:46:45","date_gmt":"2023-09-08T19:46:45","guid":{"rendered":"https:\/\/kindart.is\/?post_type=product&#038;p=8348"},"modified":"2023-09-08T19:46:45","modified_gmt":"2023-09-08T19:46:45","slug":"toyota-landcruiser-40x50-cm","status":"publish","type":"product","link":"https:\/\/kindart.is\/en\/vara\/toyota-landcruiser-40x50-cm\/","title":{"rendered":"Toyota Landcruiser (40&#215;50 cm)"},"content":{"rendered":"<p>Akr\u00fdl \/ bl\u00f6ndu\u00f0 t\u00e6kni \u00e1 striga, 40&#215;50 cm (s\u00e9rp\u00f6ntun)<\/p>\n<p>Acryl \/ mixed media on canvas, 40&#215;50 cm (commission)<\/p>\n<p>(2023)<\/p>\n","protected":false},"excerpt":{"rendered":"<p>Akr\u00fdl \/ bl\u00f6ndu\u00f0 t\u00e6kni \u00e1 striga, 40&#215;50 cm (s\u00e9rp\u00f6ntun) Acryl \/ mixed media on canvas, 40&#215;50 cm (commission) (2023)<\/p>\n","protected":false},"featured_media":8349,"template":"","meta":{"slim_seo":{"title":"Toyota Landcruiser (40x50 cm) - KindArt","description":"Akr\u00fdl \/ bl\u00f6ndu\u00f0 t\u00e6kni \u00e1 striga, 40x50 cm (s\u00e9rp\u00f6ntun) Acryl \/ mixed media on canvas, 40x50 cm (commission) (2023)"}},"product_brand":[],"product_cat":[67],"product_tag":[],"class_list":{"0":"post-8348","1":"product","2":"type-product","3":"status-publish","4":"has-post-thumbnail","6":"product_cat-sold","8":"first","9":"outofstock","10":"product-type-simple"},"_links":{"self":[{"href":"https:\/\/kindart.is\/en\/wp-json\/wp\/v2\/product\/8348","targetHints":{"allow":["GET"]}}],"collection":[{"href":"https:\/\/kindart.is\/en\/wp-json\/wp\/v2\/product"}],"about":[{"href":"https:\/\/kindart.is\/en\/wp-json\/wp\/v2\/types\/product"}],"wp:featuredmedia":[{"embeddable":true,"href":"https:\/\/kindart.is\/en\/wp-json\/wp\/v2\/media\/8349"}],"wp:attachment":[{"href":"https:\/\/kindart.is\/en\/wp-json\/wp\/v2\/media?parent=8348"}],"wp:term":[{"taxonomy":"product_brand","embeddable":true,"href":"https:\/\/kindart.is\/en\/wp-json\/wp\/v2\/product_brand?post=8348"},{"taxonomy":"product_cat","embeddable":true,"href":"https:\/\/kindart.is\/en\/wp-json\/wp\/v2\/product_cat?post=8348"},{"taxonomy":"product_tag","embeddable":true,"href":"https:\/\/kindart.is\/en\/wp-json\/wp\/v2\/product_tag?post=8348"}],"curies":[{"name":"wp","href":"https:\/\/api.w.org\/{rel}","templated":true}]}}