{"id":8355,"date":"2023-09-08T20:00:37","date_gmt":"2023-09-08T20:00:37","guid":{"rendered":"https:\/\/kindart.is\/?post_type=product&#038;p=8355"},"modified":"2023-09-08T20:00:37","modified_gmt":"2023-09-08T20:00:37","slug":"lambaeimreid-x-a-sheepish-steam-train-x-20x40-cm","status":"publish","type":"product","link":"https:\/\/kindart.is\/en\/vara\/lambaeimreid-x-a-sheepish-steam-train-x-20x40-cm\/","title":{"rendered":"Lambaeimrei\u00f0 X \/ A sheepish steam train X (20&#215;40 cm)"},"content":{"rendered":"<p>Akr\u00fdl \/ bl\u00f6ndu\u00f0 t\u00e6kni \u00e1 striga, 20&#215;40 cm<\/p>\n<p>Acryl \/ mixed media on canvas, 20&#215;40 cm<\/p>\n<p>(2023)<\/p>\n","protected":false},"excerpt":{"rendered":"<p>Akr\u00fdl \/ bl\u00f6ndu\u00f0 t\u00e6kni \u00e1 striga, 20&#215;40 cm Acryl \/ mixed media on canvas, 20&#215;40 cm (2023)<\/p>\n","protected":false},"featured_media":8356,"template":"","meta":{"slim_seo":{"title":"Lambaeimrei\u00f0 X \/ A sheepish steam train X (20x40 cm) - KindArt","description":"Akr\u00fdl \/ bl\u00f6ndu\u00f0 t\u00e6kni \u00e1 striga, 20x40 cm Acryl \/ mixed media on canvas, 20x40 cm (2023)"}},"product_brand":[],"product_cat":[67],"product_tag":[],"class_list":{"0":"post-8355","1":"product","2":"type-product","3":"status-publish","4":"has-post-thumbnail","6":"product_cat-sold","8":"first","9":"outofstock","10":"product-type-simple"},"_links":{"self":[{"href":"https:\/\/kindart.is\/en\/wp-json\/wp\/v2\/product\/8355","targetHints":{"allow":["GET"]}}],"collection":[{"href":"https:\/\/kindart.is\/en\/wp-json\/wp\/v2\/product"}],"about":[{"href":"https:\/\/kindart.is\/en\/wp-json\/wp\/v2\/types\/product"}],"wp:featuredmedia":[{"embeddable":true,"href":"https:\/\/kindart.is\/en\/wp-json\/wp\/v2\/media\/8356"}],"wp:attachment":[{"href":"https:\/\/kindart.is\/en\/wp-json\/wp\/v2\/media?parent=8355"}],"wp:term":[{"taxonomy":"product_brand","embeddable":true,"href":"https:\/\/kindart.is\/en\/wp-json\/wp\/v2\/product_brand?post=8355"},{"taxonomy":"product_cat","embeddable":true,"href":"https:\/\/kindart.is\/en\/wp-json\/wp\/v2\/product_cat?post=8355"},{"taxonomy":"product_tag","embeddable":true,"href":"https:\/\/kindart.is\/en\/wp-json\/wp\/v2\/product_tag?post=8355"}],"curies":[{"name":"wp","href":"https:\/\/api.w.org\/{rel}","templated":true}]}}