{"id":8366,"date":"2023-09-11T13:45:04","date_gmt":"2023-09-11T13:45:04","guid":{"rendered":"https:\/\/kindart.is\/product\/johannes-sveinsson-kjarval\/"},"modified":"2023-09-11T13:45:04","modified_gmt":"2023-09-11T13:45:04","slug":"johannes-sveinsson-kjarval","status":"publish","type":"product","link":"https:\/\/kindart.is\/en\/vara\/johannes-sveinsson-kjarval\/","title":{"rendered":"J\u00f3hannes Sveinsson Kjarval"},"content":{"rendered":"<p><strong>J\u00f3hannes Sveinsson Kjarval<\/strong>. B\u00f3k \u00ed b\u00f3kaflokknum \u00cdslenzk list. Inngangsor\u00f0 eftir Halld\u00f3r Kiljan Laxness. Litmyndir eru allar ger\u00f0ar hj\u00e1 Waterlow &amp; Sons Limited, London. S\u00f6mulei\u00f0is prentm\u00f3t af \u00f6llum \u00f6\u00f0rum myndum \u00ed b\u00f3kinni, nema \u00e1 bls 48-52 sem ger\u00f0 eru hj\u00e1 Prentmyndir og Litr\u00f3f \u00ed Reykjav\u00edk. Rau\u00f0kr\u00edtarmynd \u00e1 bls.13 er prentu\u00f0 \u00ed Borgarprenti \u00ed Reykjav\u00edk. Allar lj\u00f3smyndir af m\u00e1lverkum og teikningum t\u00f3k J\u00f3n Kaldal \u00ed Reykjav\u00edk. \u00c1sgeir J\u00fal\u00edusson teikna\u00f0i titils\u00ed\u00f0u og letur \u00e1 k\u00e1pu og bandi\u00f0 teikna\u00f0i hann. \u2013 Band er \u00ed striga \u00e1 kj\u00f6l og horn. St\u00e6r\u00f0: 31.5 X 24.3 cm og 100 bls. K\u00e1pu vantar.<\/p>\n<p><strong>\u00datg\u00e1fa og prentun<\/strong>:<br \/>\n\u00datgefandi: Helgafell, 1950. Prentun: V\u00edkingsprent. B\u00f3kband: Bundin \u00ed B\u00f3kfelli.<\/p>\n","protected":false},"excerpt":{"rendered":"<p>J\u00f3hannes Sveinsson Kjarval. B\u00f3k \u00ed b\u00f3kaflokknum \u00cdslenzk list. Inngangsor\u00f0 eftir Halld\u00f3r Kiljan Laxness. Litmyndir eru allar ger\u00f0ar hj\u00e1 Waterlow &amp; Sons Limited, London. S\u00f6mulei\u00f0is prentm\u00f3t af \u00f6llum \u00f6\u00f0rum myndum \u00ed b\u00f3kinni, nema \u00e1 bls 48-52 sem ger\u00f0 eru hj\u00e1 Prentmyndir og Litr\u00f3f \u00ed Reykjav\u00edk. Rau\u00f0kr\u00edtarmynd \u00e1 bls.13 er prentu\u00f0 \u00ed Borgarprenti \u00ed Reykjav\u00edk. Allar lj\u00f3smyndir [&hellip;]<\/p>\n","protected":false},"featured_media":8363,"template":"","meta":{"slim_seo":{"title":"J\u00f3hannes Sveinsson Kjarval - KindArt","description":"J\u00f3hannes Sveinsson Kjarval . B\u00f3k \u00ed b\u00f3kaflokknum \u00cdslenzk list. Inngangsor\u00f0 eftir Halld\u00f3r Kiljan Laxness. Litmyndir eru allar ger\u00f0ar hj\u00e1 Waterlow &amp; Sons Limit"}},"product_brand":[],"product_cat":[83],"product_tag":[],"class_list":{"0":"post-8366","1":"product","2":"type-product","3":"status-publish","4":"has-post-thumbnail","6":"product_cat-books","7":"product_shipping_class-small-en","9":"first","10":"outofstock","11":"purchasable","12":"product-type-simple"},"_links":{"self":[{"href":"https:\/\/kindart.is\/en\/wp-json\/wp\/v2\/product\/8366","targetHints":{"allow":["GET"]}}],"collection":[{"href":"https:\/\/kindart.is\/en\/wp-json\/wp\/v2\/product"}],"about":[{"href":"https:\/\/kindart.is\/en\/wp-json\/wp\/v2\/types\/product"}],"wp:featuredmedia":[{"embeddable":true,"href":"https:\/\/kindart.is\/en\/wp-json\/wp\/v2\/media\/8363"}],"wp:attachment":[{"href":"https:\/\/kindart.is\/en\/wp-json\/wp\/v2\/media?parent=8366"}],"wp:term":[{"taxonomy":"product_brand","embeddable":true,"href":"https:\/\/kindart.is\/en\/wp-json\/wp\/v2\/product_brand?post=8366"},{"taxonomy":"product_cat","embeddable":true,"href":"https:\/\/kindart.is\/en\/wp-json\/wp\/v2\/product_cat?post=8366"},{"taxonomy":"product_tag","embeddable":true,"href":"https:\/\/kindart.is\/en\/wp-json\/wp\/v2\/product_tag?post=8366"}],"curies":[{"name":"wp","href":"https:\/\/api.w.org\/{rel}","templated":true}]}}