{"id":8379,"date":"2023-09-12T19:50:49","date_gmt":"2023-09-12T19:50:49","guid":{"rendered":"https:\/\/kindart.is\/product\/islenzkar-thjodsogur-og-aevintyri-ii\/"},"modified":"2023-09-12T19:50:49","modified_gmt":"2023-09-12T19:50:49","slug":"islenzkar-thjodsogur-og-aevintyri-ii","status":"publish","type":"product","link":"https:\/\/kindart.is\/en\/vara\/islenzkar-thjodsogur-og-aevintyri-ii\/","title":{"rendered":"\u00cdslenzkar \u00fej\u00f3\u00f0s\u00f6gur og \u00e6vint\u00fdri II"},"content":{"rendered":"<p><strong>\u00cdslenzkar \u00fej\u00f3\u00f0s\u00f6gur og \u00e6vint\u00fdri II<\/strong>. \u2013 \u00cdslenzk \u00e6fint\u00fdri sem Magn\u00fas Gr\u00edmsson og J\u00f3n \u00c1rnason s\u00f6fnu\u00f0u. N\u00fd \u00fatg\u00e1fa, \u00c1rni B\u00f6\u00f0varsson og Bjarni Vilhj\u00e1lmsson \u00f6nnu\u00f0ust \u00fatg\u00e1funa. B\u00f3kin er innbundin \u00ed svart shagrin skinn, \u00e1 kj\u00f6l og horn, upplagaband, en reynt a\u00f0 l\u00edkja eftir vanda\u00f0ara bandi, upphleypingar \u00e1 kili og l\u00edmdur rau\u00f0ur skinnfeldur \u00e1 milli, en \u00ferykktar r\u00f3sir \u00e1 svarta skinni\u00f0 \u00e1 enda og mi\u00f0ju. Marmor spjaldapapp\u00edr. St\u00e6r\u00f0: 24.5 X 17.3 cm og 590 bls.<\/p>\n<p><strong>\u00datg\u00e1fa og prentun<\/strong>:<br \/>\nB\u00f3ka\u00fatg\u00e1fan \u00dej\u00f3\u00f0saga 1954, Reykjav\u00edk. Prentun Prentsmi\u00f0jan H\u00f3lar.<\/p>\n","protected":false},"excerpt":{"rendered":"<p>\u00cdslenzkar \u00fej\u00f3\u00f0s\u00f6gur og \u00e6vint\u00fdri II. \u2013 \u00cdslenzk \u00e6fint\u00fdri sem Magn\u00fas Gr\u00edmsson og J\u00f3n \u00c1rnason s\u00f6fnu\u00f0u. N\u00fd \u00fatg\u00e1fa, \u00c1rni B\u00f6\u00f0varsson og Bjarni Vilhj\u00e1lmsson \u00f6nnu\u00f0ust \u00fatg\u00e1funa. B\u00f3kin er innbundin \u00ed svart shagrin skinn, \u00e1 kj\u00f6l og horn, upplagaband, en reynt a\u00f0 l\u00edkja eftir vanda\u00f0ara bandi, upphleypingar \u00e1 kili og l\u00edmdur rau\u00f0ur skinnfeldur \u00e1 milli, en \u00ferykktar r\u00f3sir [&hellip;]<\/p>\n","protected":false},"featured_media":8376,"template":"","meta":{"slim_seo":{"title":"\u00cdslenzkar \u00fej\u00f3\u00f0s\u00f6gur og \u00e6vint\u00fdri II - KindArt","description":"\u00cdslenzkar \u00fej\u00f3\u00f0s\u00f6gur og \u00e6vint\u00fdri II . \u2013 \u00cdslenzk \u00e6fint\u00fdri sem Magn\u00fas Gr\u00edmsson og J\u00f3n \u00c1rnason s\u00f6fnu\u00f0u. N\u00fd \u00fatg\u00e1fa, \u00c1rni B\u00f6\u00f0varsson og Bjarni Vilhj\u00e1lmsson \u00f6nnu\u00f0ust \u00fa"}},"product_brand":[],"product_cat":[83],"product_tag":[],"class_list":{"0":"post-8379","1":"product","2":"type-product","3":"status-publish","4":"has-post-thumbnail","6":"product_cat-books","7":"product_shipping_class-small-en","9":"first","10":"instock","11":"purchasable","12":"product-type-simple"},"_links":{"self":[{"href":"https:\/\/kindart.is\/en\/wp-json\/wp\/v2\/product\/8379","targetHints":{"allow":["GET"]}}],"collection":[{"href":"https:\/\/kindart.is\/en\/wp-json\/wp\/v2\/product"}],"about":[{"href":"https:\/\/kindart.is\/en\/wp-json\/wp\/v2\/types\/product"}],"wp:featuredmedia":[{"embeddable":true,"href":"https:\/\/kindart.is\/en\/wp-json\/wp\/v2\/media\/8376"}],"wp:attachment":[{"href":"https:\/\/kindart.is\/en\/wp-json\/wp\/v2\/media?parent=8379"}],"wp:term":[{"taxonomy":"product_brand","embeddable":true,"href":"https:\/\/kindart.is\/en\/wp-json\/wp\/v2\/product_brand?post=8379"},{"taxonomy":"product_cat","embeddable":true,"href":"https:\/\/kindart.is\/en\/wp-json\/wp\/v2\/product_cat?post=8379"},{"taxonomy":"product_tag","embeddable":true,"href":"https:\/\/kindart.is\/en\/wp-json\/wp\/v2\/product_tag?post=8379"}],"curies":[{"name":"wp","href":"https:\/\/api.w.org\/{rel}","templated":true}]}}