{"id":8385,"date":"2023-09-12T20:01:02","date_gmt":"2023-09-12T20:01:02","guid":{"rendered":"https:\/\/kindart.is\/product\/sangen-om-den-rode-rubin-2\/"},"modified":"2023-09-12T20:01:02","modified_gmt":"2023-09-12T20:01:02","slug":"sangen-om-den-rode-rubin-2","status":"publish","type":"product","link":"https:\/\/kindart.is\/en\/vara\/sangen-om-den-rode-rubin-2\/","title":{"rendered":"Sangen om den r\u00f8de rubin"},"content":{"rendered":"<p><strong>Sangen om den r\u00f8de rubin<\/strong>. Roman, H\u00f6fundur Agnar Mykle<br \/>\nB\u00f3kin er bundin \u00ed striga \u00e1 kj\u00f6l, br\u00fanir fletir og gyllt \u00e1letrun, spjaldapapp\u00edr \u00ed st\u00edl, br\u00fanar l\u00f3\u00f0r\u00e9ttar str\u00edpur. St\u00e6r\u00f0: 23 X 15.7 cm og 131 bls.<\/p>\n<p><strong>\u00datg\u00e1fa og prentun<\/strong>:<br \/>\nGyldendal Norsk Forlag, 1957 Oslo. Prentun: Reistad &amp; S\u00f8nn \u00ed Oslo.<\/p>\n","protected":false},"excerpt":{"rendered":"<p>Sangen om den r\u00f8de rubin. Roman, H\u00f6fundur Agnar Mykle B\u00f3kin er bundin \u00ed striga \u00e1 kj\u00f6l, br\u00fanir fletir og gyllt \u00e1letrun, spjaldapapp\u00edr \u00ed st\u00edl, br\u00fanar l\u00f3\u00f0r\u00e9ttar str\u00edpur. St\u00e6r\u00f0: 23 X 15.7 cm og 131 bls. \u00datg\u00e1fa og prentun: Gyldendal Norsk Forlag, 1957 Oslo. Prentun: Reistad &amp; S\u00f8nn \u00ed Oslo.<\/p>\n","protected":false},"featured_media":8382,"template":"","meta":{"slim_seo":{"title":"Sangen om den r\u00f8de rubin - KindArt","description":"Sangen om den r\u00f8de rubin . Roman, H\u00f6fundur Agnar Mykle B\u00f3kin er bundin \u00ed striga \u00e1 kj\u00f6l, br\u00fanir fletir og gyllt \u00e1letrun, spjaldapapp\u00edr \u00ed st\u00edl, br\u00fanar l\u00f3\u00f0r\u00e9ttar s"}},"product_brand":[],"product_cat":[83],"product_tag":[],"class_list":{"0":"post-8385","1":"product","2":"type-product","3":"status-publish","4":"has-post-thumbnail","6":"product_cat-books","7":"product_shipping_class-small-en","9":"first","10":"instock","11":"purchasable","12":"product-type-simple"},"_links":{"self":[{"href":"https:\/\/kindart.is\/en\/wp-json\/wp\/v2\/product\/8385","targetHints":{"allow":["GET"]}}],"collection":[{"href":"https:\/\/kindart.is\/en\/wp-json\/wp\/v2\/product"}],"about":[{"href":"https:\/\/kindart.is\/en\/wp-json\/wp\/v2\/types\/product"}],"wp:featuredmedia":[{"embeddable":true,"href":"https:\/\/kindart.is\/en\/wp-json\/wp\/v2\/media\/8382"}],"wp:attachment":[{"href":"https:\/\/kindart.is\/en\/wp-json\/wp\/v2\/media?parent=8385"}],"wp:term":[{"taxonomy":"product_brand","embeddable":true,"href":"https:\/\/kindart.is\/en\/wp-json\/wp\/v2\/product_brand?post=8385"},{"taxonomy":"product_cat","embeddable":true,"href":"https:\/\/kindart.is\/en\/wp-json\/wp\/v2\/product_cat?post=8385"},{"taxonomy":"product_tag","embeddable":true,"href":"https:\/\/kindart.is\/en\/wp-json\/wp\/v2\/product_tag?post=8385"}],"curies":[{"name":"wp","href":"https:\/\/api.w.org\/{rel}","templated":true}]}}