{"id":8391,"date":"2023-09-12T20:07:45","date_gmt":"2023-09-12T20:07:45","guid":{"rendered":"https:\/\/kindart.is\/product\/jon-stefansson\/"},"modified":"2023-09-12T20:07:45","modified_gmt":"2023-09-12T20:07:45","slug":"jon-stefansson","status":"publish","type":"product","link":"https:\/\/kindart.is\/en\/vara\/jon-stefansson\/","title":{"rendered":"J\u00f3n Stef\u00e1nsson"},"content":{"rendered":"<p><strong>J\u00f3n Stef\u00e1nsson<\/strong>. B\u00f3k \u00ed b\u00f3kaflokknum \u00cdslenzk list. Form\u00e1li eftir Poul Uttenreitter. Litmyndir eru allar ger\u00f0ar erlendis, hj\u00e1 Waterlow &amp; Sons Limited, London. Myndirnar komu ni\u00f0urskornar og voru l\u00edmdar inn \u00ed b\u00f3kina hver \u00e1 sinn sta\u00f0 \u00ed b\u00f3kbandinu.<\/p>\n<p><strong>\u00datg\u00e1fa og prentun<\/strong>:<br \/>\n\u00datgefandi: Helgafell, 1950. Reykjav\u00edk. Prentun: V\u00edkingsprent. B\u00f3kband: B\u00f3kfell.<\/p>\n","protected":false},"excerpt":{"rendered":"<p>J\u00f3n Stef\u00e1nsson. B\u00f3k \u00ed b\u00f3kaflokknum \u00cdslenzk list. Form\u00e1li eftir Poul Uttenreitter. Litmyndir eru allar ger\u00f0ar erlendis, hj\u00e1 Waterlow &amp; Sons Limited, London. Myndirnar komu ni\u00f0urskornar og voru l\u00edmdar inn \u00ed b\u00f3kina hver \u00e1 sinn sta\u00f0 \u00ed b\u00f3kbandinu. \u00datg\u00e1fa og prentun: \u00datgefandi: Helgafell, 1950. Reykjav\u00edk. Prentun: V\u00edkingsprent. B\u00f3kband: B\u00f3kfell.<\/p>\n","protected":false},"featured_media":8388,"template":"","meta":{"slim_seo":{"title":"J\u00f3n Stef\u00e1nsson - KindArt","description":"J\u00f3n Stef\u00e1nsson . B\u00f3k \u00ed b\u00f3kaflokknum \u00cdslenzk list. Form\u00e1li eftir Poul Uttenreitter. Litmyndir eru allar ger\u00f0ar erlendis, hj\u00e1 Waterlow &amp; Sons Limited, London."}},"product_brand":[],"product_cat":[83],"product_tag":[],"class_list":{"0":"post-8391","1":"product","2":"type-product","3":"status-publish","4":"has-post-thumbnail","6":"product_cat-books","7":"product_shipping_class-small-en","9":"first","10":"instock","11":"purchasable","12":"product-type-simple"},"_links":{"self":[{"href":"https:\/\/kindart.is\/en\/wp-json\/wp\/v2\/product\/8391","targetHints":{"allow":["GET"]}}],"collection":[{"href":"https:\/\/kindart.is\/en\/wp-json\/wp\/v2\/product"}],"about":[{"href":"https:\/\/kindart.is\/en\/wp-json\/wp\/v2\/types\/product"}],"wp:featuredmedia":[{"embeddable":true,"href":"https:\/\/kindart.is\/en\/wp-json\/wp\/v2\/media\/8388"}],"wp:attachment":[{"href":"https:\/\/kindart.is\/en\/wp-json\/wp\/v2\/media?parent=8391"}],"wp:term":[{"taxonomy":"product_brand","embeddable":true,"href":"https:\/\/kindart.is\/en\/wp-json\/wp\/v2\/product_brand?post=8391"},{"taxonomy":"product_cat","embeddable":true,"href":"https:\/\/kindart.is\/en\/wp-json\/wp\/v2\/product_cat?post=8391"},{"taxonomy":"product_tag","embeddable":true,"href":"https:\/\/kindart.is\/en\/wp-json\/wp\/v2\/product_tag?post=8391"}],"curies":[{"name":"wp","href":"https:\/\/api.w.org\/{rel}","templated":true}]}}