{"id":8399,"date":"2023-09-16T14:08:04","date_gmt":"2023-09-16T14:08:04","guid":{"rendered":"https:\/\/kindart.is\/product\/ur-hugskoti\/"},"modified":"2023-09-16T14:08:04","modified_gmt":"2023-09-16T14:08:04","slug":"ur-hugskoti","status":"publish","type":"product","link":"https:\/\/kindart.is\/en\/vara\/ur-hugskoti\/","title":{"rendered":"\u00dar hugskoti"},"content":{"rendered":"<p><strong>\u00dar hugskoti<\/strong>. Kv\u00e6\u00f0i og laust m\u00e1l eftir Hannes P\u00e9tursson. B\u00f3kin er bundin \u00ed forlagsband, rautt efni (ballacron) alband, hv\u00edt saurbl\u00f6\u00f0 og gyllt \u00e1 kj\u00f6l. Hl\u00edf\u00f0ark\u00e1pa. St\u00e6r\u00f0: 21.7 X 13.8 cm og 144 bls.<\/p>\n<p><strong>\u00datg\u00e1fa og prentun<\/strong>:<br \/>\nB\u00f3ka\u00fatg\u00e1fan I\u00f0unn, Reykjav\u00edk 1976. Prentun: Setberg.<\/p>\n","protected":false},"excerpt":{"rendered":"<p>\u00dar hugskoti. Kv\u00e6\u00f0i og laust m\u00e1l eftir Hannes P\u00e9tursson. B\u00f3kin er bundin \u00ed forlagsband, rautt efni (ballacron) alband, hv\u00edt saurbl\u00f6\u00f0 og gyllt \u00e1 kj\u00f6l. Hl\u00edf\u00f0ark\u00e1pa. St\u00e6r\u00f0: 21.7 X 13.8 cm og 144 bls. \u00datg\u00e1fa og prentun: B\u00f3ka\u00fatg\u00e1fan I\u00f0unn, Reykjav\u00edk 1976. Prentun: Setberg.<\/p>\n","protected":false},"featured_media":8394,"template":"","meta":{"slim_seo":{"title":"\u00dar hugskoti - KindArt","description":"\u00dar hugskoti . Kv\u00e6\u00f0i og laust m\u00e1l eftir Hannes P\u00e9tursson. B\u00f3kin er bundin \u00ed forlagsband, rautt efni (ballacron) alband, hv\u00edt saurbl\u00f6\u00f0 og gyllt \u00e1 kj\u00f6l. Hl\u00edf\u00f0ark\u00e1p"}},"product_brand":[],"product_cat":[83],"product_tag":[],"class_list":{"0":"post-8399","1":"product","2":"type-product","3":"status-publish","4":"has-post-thumbnail","6":"product_cat-books","7":"product_shipping_class-small-en","9":"first","10":"outofstock","11":"purchasable","12":"product-type-simple"},"_links":{"self":[{"href":"https:\/\/kindart.is\/en\/wp-json\/wp\/v2\/product\/8399","targetHints":{"allow":["GET"]}}],"collection":[{"href":"https:\/\/kindart.is\/en\/wp-json\/wp\/v2\/product"}],"about":[{"href":"https:\/\/kindart.is\/en\/wp-json\/wp\/v2\/types\/product"}],"wp:featuredmedia":[{"embeddable":true,"href":"https:\/\/kindart.is\/en\/wp-json\/wp\/v2\/media\/8394"}],"wp:attachment":[{"href":"https:\/\/kindart.is\/en\/wp-json\/wp\/v2\/media?parent=8399"}],"wp:term":[{"taxonomy":"product_brand","embeddable":true,"href":"https:\/\/kindart.is\/en\/wp-json\/wp\/v2\/product_brand?post=8399"},{"taxonomy":"product_cat","embeddable":true,"href":"https:\/\/kindart.is\/en\/wp-json\/wp\/v2\/product_cat?post=8399"},{"taxonomy":"product_tag","embeddable":true,"href":"https:\/\/kindart.is\/en\/wp-json\/wp\/v2\/product_tag?post=8399"}],"curies":[{"name":"wp","href":"https:\/\/api.w.org\/{rel}","templated":true}]}}