{"id":8407,"date":"2023-09-16T14:15:21","date_gmt":"2023-09-16T14:15:21","guid":{"rendered":"https:\/\/kindart.is\/product\/islenzkar-thjodsogur-og-aevintyri-iii\/"},"modified":"2023-09-16T14:15:21","modified_gmt":"2023-09-16T14:15:21","slug":"islenzkar-thjodsogur-og-aevintyri-iii","status":"publish","type":"product","link":"https:\/\/kindart.is\/en\/vara\/islenzkar-thjodsogur-og-aevintyri-iii\/","title":{"rendered":"\u00cdslenzkar \u00fej\u00f3\u00f0s\u00f6gur og \u00e6vint\u00fdri III"},"content":{"rendered":"<p><strong>\u00cdslenzkar \u00fej\u00f3\u00f0s\u00f6gur og \u00e6vint\u00fdri III<\/strong>. Safna\u00f0 hefur J\u00f3n \u00c1rnason. N\u00fdtt safn. \u00c1rni B\u00f6\u00f0varsson og Bjarni Vilhj\u00e1lmsson \u00f6nnu\u00f0ust \u00fatg\u00e1funa. \u00deessar \u00fej\u00f3\u00f0s\u00f6gur eru: Go\u00f0fr\u00e6\u00f0is\u00f6gur, \u00c1lfas\u00f6gur, S\u00e6b\u00faar og vatna. Tr\u00f6ll. Draugas\u00f6gur, Uppvakningar e\u00f0a sendingar. Fylgjur. Galdras\u00f6gur. \u00d3freskisg\u00e1tur, Forsp\u00e1r og draumar. T\u00f6frabr\u00f6g\u00f0 og einstakir galdramenn. Sk\u00fdringar og athugasemdir bls. 623.<br \/>\nB\u00f3kin er innbundin \u00ed svart shagrin skinn, upplagaband, en reynt a\u00f0 l\u00edkja eftir vanda\u00f0ara bandi, upphleypingar \u00e1 kili og rau\u00f0ur skinnfeldur l\u00edmdur \u00e1 milli, gyllt \u00e1 feldina. St\u00e6r\u00f0: 24.5 X 17.3 cm og 656 bls.<\/p>\n<p><strong>\u00datg\u00e1fa og prentun<\/strong>:<br \/>\nB\u00f3ka\u00fatg\u00e1fan \u00dej\u00f3\u00f0saga Reykjav\u00edk 1955. Prentun: Prentsmi\u00f0jan H\u00f3lar.<\/p>\n","protected":false},"excerpt":{"rendered":"<p>\u00cdslenzkar \u00fej\u00f3\u00f0s\u00f6gur og \u00e6vint\u00fdri III. Safna\u00f0 hefur J\u00f3n \u00c1rnason. N\u00fdtt safn. \u00c1rni B\u00f6\u00f0varsson og Bjarni Vilhj\u00e1lmsson \u00f6nnu\u00f0ust \u00fatg\u00e1funa. \u00deessar \u00fej\u00f3\u00f0s\u00f6gur eru: Go\u00f0fr\u00e6\u00f0is\u00f6gur, \u00c1lfas\u00f6gur, S\u00e6b\u00faar og vatna. Tr\u00f6ll. Draugas\u00f6gur, Uppvakningar e\u00f0a sendingar. Fylgjur. Galdras\u00f6gur. \u00d3freskisg\u00e1tur, Forsp\u00e1r og draumar. T\u00f6frabr\u00f6g\u00f0 og einstakir galdramenn. Sk\u00fdringar og athugasemdir bls. 623. B\u00f3kin er innbundin \u00ed svart shagrin skinn, upplagaband, en [&hellip;]<\/p>\n","protected":false},"featured_media":8402,"template":"","meta":{"slim_seo":{"title":"\u00cdslenzkar \u00fej\u00f3\u00f0s\u00f6gur og \u00e6vint\u00fdri III - KindArt","description":"\u00cdslenzkar \u00fej\u00f3\u00f0s\u00f6gur og \u00e6vint\u00fdri III . Safna\u00f0 hefur J\u00f3n \u00c1rnason. N\u00fdtt safn. \u00c1rni B\u00f6\u00f0varsson og Bjarni Vilhj\u00e1lmsson \u00f6nnu\u00f0ust \u00fatg\u00e1funa. \u00deessar \u00fej\u00f3\u00f0s\u00f6gur eru: Go\u00f0fr"}},"product_brand":[],"product_cat":[83],"product_tag":[],"class_list":{"0":"post-8407","1":"product","2":"type-product","3":"status-publish","4":"has-post-thumbnail","6":"product_cat-books","7":"product_shipping_class-small-en","9":"first","10":"instock","11":"purchasable","12":"product-type-simple"},"_links":{"self":[{"href":"https:\/\/kindart.is\/en\/wp-json\/wp\/v2\/product\/8407","targetHints":{"allow":["GET"]}}],"collection":[{"href":"https:\/\/kindart.is\/en\/wp-json\/wp\/v2\/product"}],"about":[{"href":"https:\/\/kindart.is\/en\/wp-json\/wp\/v2\/types\/product"}],"wp:featuredmedia":[{"embeddable":true,"href":"https:\/\/kindart.is\/en\/wp-json\/wp\/v2\/media\/8402"}],"wp:attachment":[{"href":"https:\/\/kindart.is\/en\/wp-json\/wp\/v2\/media?parent=8407"}],"wp:term":[{"taxonomy":"product_brand","embeddable":true,"href":"https:\/\/kindart.is\/en\/wp-json\/wp\/v2\/product_brand?post=8407"},{"taxonomy":"product_cat","embeddable":true,"href":"https:\/\/kindart.is\/en\/wp-json\/wp\/v2\/product_cat?post=8407"},{"taxonomy":"product_tag","embeddable":true,"href":"https:\/\/kindart.is\/en\/wp-json\/wp\/v2\/product_tag?post=8407"}],"curies":[{"name":"wp","href":"https:\/\/api.w.org\/{rel}","templated":true}]}}