{"id":8416,"date":"2023-09-16T14:21:31","date_gmt":"2023-09-16T14:21:31","guid":{"rendered":"https:\/\/kindart.is\/product\/islandsstraeti-i-jerusalem\/"},"modified":"2023-09-16T14:21:31","modified_gmt":"2023-09-16T14:21:31","slug":"islandsstraeti-i-jerusalem","status":"publish","type":"product","link":"https:\/\/kindart.is\/en\/vara\/islandsstraeti-i-jerusalem\/","title":{"rendered":"\u00cdslandsstr\u00e6ti \u00ed Jer\u00fasalem"},"content":{"rendered":"<p><strong>\u00cdslandsstr\u00e6ti \u00ed Jer\u00fasalem<\/strong>. H\u00f6fundur: Hj\u00e1lmt\u00fdr Hei\u00f0dal. B\u00f3kin fjallar um Palestinuvandam\u00e1li\u00f0 og sagt fr\u00e1 hlutdeild \u00cdslendinga \u00ed \u00feessari \u00e1takas\u00f6gu. B\u00f3kin er papp\u00edskilja, 21 X 13.5 cm og 222 bls. a\u00f0 st\u00e6r\u00f0.<\/p>\n<p><strong>\u00datg\u00e1fa og prentun<\/strong>:<br \/>\n\u00datg\u00e1fa: N\u00fdh\u00f6fn. Reykjav\u00edk 2019. Prentun: \u00cdsafoldarprentsmi\u00f0ja.<\/p>\n","protected":false},"excerpt":{"rendered":"<p>\u00cdslandsstr\u00e6ti \u00ed Jer\u00fasalem. H\u00f6fundur: Hj\u00e1lmt\u00fdr Hei\u00f0dal. B\u00f3kin fjallar um Palestinuvandam\u00e1li\u00f0 og sagt fr\u00e1 hlutdeild \u00cdslendinga \u00ed \u00feessari \u00e1takas\u00f6gu. B\u00f3kin er papp\u00edskilja, 21 X 13.5 cm og 222 bls. a\u00f0 st\u00e6r\u00f0. \u00datg\u00e1fa og prentun: \u00datg\u00e1fa: N\u00fdh\u00f6fn. Reykjav\u00edk 2019. Prentun: \u00cdsafoldarprentsmi\u00f0ja.<\/p>\n","protected":false},"featured_media":8412,"template":"","meta":{"slim_seo":{"title":"\u00cdslandsstr\u00e6ti \u00ed Jer\u00fasalem - KindArt","description":"\u00cdslandsstr\u00e6ti \u00ed Jer\u00fasalem . H\u00f6fundur: Hj\u00e1lmt\u00fdr Hei\u00f0dal. B\u00f3kin fjallar um Palestinuvandam\u00e1li\u00f0 og sagt fr\u00e1 hlutdeild \u00cdslendinga \u00ed \u00feessari \u00e1takas\u00f6gu. B\u00f3kin er papp"}},"product_brand":[],"product_cat":[83],"product_tag":[],"class_list":{"0":"post-8416","1":"product","2":"type-product","3":"status-publish","4":"has-post-thumbnail","6":"product_cat-books","7":"product_shipping_class-small-en","9":"first","10":"instock","11":"purchasable","12":"product-type-simple"},"_links":{"self":[{"href":"https:\/\/kindart.is\/en\/wp-json\/wp\/v2\/product\/8416","targetHints":{"allow":["GET"]}}],"collection":[{"href":"https:\/\/kindart.is\/en\/wp-json\/wp\/v2\/product"}],"about":[{"href":"https:\/\/kindart.is\/en\/wp-json\/wp\/v2\/types\/product"}],"wp:featuredmedia":[{"embeddable":true,"href":"https:\/\/kindart.is\/en\/wp-json\/wp\/v2\/media\/8412"}],"wp:attachment":[{"href":"https:\/\/kindart.is\/en\/wp-json\/wp\/v2\/media?parent=8416"}],"wp:term":[{"taxonomy":"product_brand","embeddable":true,"href":"https:\/\/kindart.is\/en\/wp-json\/wp\/v2\/product_brand?post=8416"},{"taxonomy":"product_cat","embeddable":true,"href":"https:\/\/kindart.is\/en\/wp-json\/wp\/v2\/product_cat?post=8416"},{"taxonomy":"product_tag","embeddable":true,"href":"https:\/\/kindart.is\/en\/wp-json\/wp\/v2\/product_tag?post=8416"}],"curies":[{"name":"wp","href":"https:\/\/api.w.org\/{rel}","templated":true}]}}