{"id":8425,"date":"2023-09-16T14:26:21","date_gmt":"2023-09-16T14:26:21","guid":{"rendered":"https:\/\/kindart.is\/product\/passiusalmarnir\/"},"modified":"2023-09-16T14:26:21","modified_gmt":"2023-09-16T14:26:21","slug":"passiusalmarnir","status":"publish","type":"product","link":"https:\/\/kindart.is\/en\/vara\/passiusalmarnir\/","title":{"rendered":"Pass\u00edus\u00e1lmarnir"},"content":{"rendered":"<p><strong>Pass\u00edus\u00e1lmarnir<\/strong> sk\u00e1ldsaga eftir Einar K\u00e1rason. B\u00f3kin er bundin \u00ed forlagsband, svart efni, alband, silfra\u00f0 \u00e1 kj\u00f6l, nafn h\u00f6fundar og heiti b\u00f3kar. Hl\u00edf\u00f0ark\u00e1pa fylgir. St\u00e6r\u00f0: 21.7 X 14 cm og 211 bls.<\/p>\n<p><strong>\u00datg\u00e1fa og prentun<\/strong>:<br \/>\nM\u00e1l og menning, Reykjav\u00edk 2016. Prentun: Prewntsmi\u00f0jan Oddi.<\/p>\n","protected":false},"excerpt":{"rendered":"<p>Pass\u00edus\u00e1lmarnir sk\u00e1ldsaga eftir Einar K\u00e1rason. B\u00f3kin er bundin \u00ed forlagsband, svart efni, alband, silfra\u00f0 \u00e1 kj\u00f6l, nafn h\u00f6fundar og heiti b\u00f3kar. Hl\u00edf\u00f0ark\u00e1pa fylgir. St\u00e6r\u00f0: 21.7 X 14 cm og 211 bls. \u00datg\u00e1fa og prentun: M\u00e1l og menning, Reykjav\u00edk 2016. Prentun: Prewntsmi\u00f0jan Oddi.<\/p>\n","protected":false},"featured_media":8419,"template":"","meta":{"slim_seo":{"title":"Pass\u00edus\u00e1lmarnir - KindArt","description":"Pass\u00edus\u00e1lmarnir sk\u00e1ldsaga eftir Einar K\u00e1rason. B\u00f3kin er bundin \u00ed forlagsband, svart efni, alband, silfra\u00f0 \u00e1 kj\u00f6l, nafn h\u00f6fundar og heiti b\u00f3kar. Hl\u00edf\u00f0ark\u00e1pa fylg"}},"product_brand":[],"product_cat":[83],"product_tag":[],"class_list":{"0":"post-8425","1":"product","2":"type-product","3":"status-publish","4":"has-post-thumbnail","6":"product_cat-books","7":"product_shipping_class-small-en","9":"first","10":"instock","11":"purchasable","12":"product-type-simple"},"_links":{"self":[{"href":"https:\/\/kindart.is\/en\/wp-json\/wp\/v2\/product\/8425","targetHints":{"allow":["GET"]}}],"collection":[{"href":"https:\/\/kindart.is\/en\/wp-json\/wp\/v2\/product"}],"about":[{"href":"https:\/\/kindart.is\/en\/wp-json\/wp\/v2\/types\/product"}],"wp:featuredmedia":[{"embeddable":true,"href":"https:\/\/kindart.is\/en\/wp-json\/wp\/v2\/media\/8419"}],"wp:attachment":[{"href":"https:\/\/kindart.is\/en\/wp-json\/wp\/v2\/media?parent=8425"}],"wp:term":[{"taxonomy":"product_brand","embeddable":true,"href":"https:\/\/kindart.is\/en\/wp-json\/wp\/v2\/product_brand?post=8425"},{"taxonomy":"product_cat","embeddable":true,"href":"https:\/\/kindart.is\/en\/wp-json\/wp\/v2\/product_cat?post=8425"},{"taxonomy":"product_tag","embeddable":true,"href":"https:\/\/kindart.is\/en\/wp-json\/wp\/v2\/product_tag?post=8425"}],"curies":[{"name":"wp","href":"https:\/\/api.w.org\/{rel}","templated":true}]}}