{"id":8432,"date":"2023-09-18T08:07:45","date_gmt":"2023-09-18T08:07:45","guid":{"rendered":"https:\/\/kindart.is\/product\/bokin-um-veginn\/"},"modified":"2023-12-20T10:10:23","modified_gmt":"2023-12-20T10:10:23","slug":"bokin-um-veginn","status":"publish","type":"product","link":"https:\/\/kindart.is\/en\/vara\/bokin-um-veginn\/","title":{"rendered":"B\u00f3kin um veginn"},"content":{"rendered":"<p><strong>B\u00f3kin um veginn<\/strong> eftir Lao-Tse. II. \u00fatg\u00e1fa. Form\u00e1lsor\u00f0 eftir Halld\u00f3r Laxness. \u00de\u00fd\u00f0endur: Br\u00e6\u00f0urnir \u00ddngvi J\u00f3hannesson og Jakob Sm\u00e1ri J\u00f3hannesson, en \u00feeir studdust vi\u00f0 texta hins danska Ernsts M\u00f6llers. B\u00f3kin er \u00ed litlu formi, 15.5 X 11.8 cm og bundin \u00ed hv\u00edtt efni skreytt me\u00f0 teikningu Bjarna J\u00f3nssonar, en hann hefur einnig teikna\u00f0 myndir \u00e1 titilbla\u00f0 og saurbl\u00f6\u00f0 \u00ed k\u00ednverskum st\u00edl.<\/p>\n<p><strong>\u00datg\u00e1fa og prentun<\/strong>:<br \/>\n\u00datgefandi: Stafafell, Reykjav\u00edk 1971. Prentun: Ing\u00f3lfsprent. B\u00f3kband: N\u00fdja b\u00f3kbandi\u00f0.<\/p>\n","protected":false},"excerpt":{"rendered":"<p>B\u00f3kin um veginn eftir Lao-Tse. II. \u00fatg\u00e1fa. Form\u00e1lsor\u00f0 eftir Halld\u00f3r Laxness. \u00de\u00fd\u00f0endur: Br\u00e6\u00f0urnir \u00ddngvi J\u00f3hannesson og Jakob Sm\u00e1ri J\u00f3hannesson, en \u00feeir studdust vi\u00f0 texta hins danska Ernsts M\u00f6llers. B\u00f3kin er \u00ed litlu formi, 15.5 X 11.8 cm og bundin \u00ed hv\u00edtt efni skreytt me\u00f0 teikningu Bjarna J\u00f3nssonar, en hann hefur einnig teikna\u00f0 myndir \u00e1 titilbla\u00f0 [&hellip;]<\/p>\n","protected":false},"featured_media":8429,"template":"","meta":{"slim_seo":{"title":"B\u00f3kin um veginn - KindArt","description":"B\u00f3kin um veginn eftir Lao-Tse. II. \u00fatg\u00e1fa. Form\u00e1lsor\u00f0 eftir Halld\u00f3r Laxness. \u00de\u00fd\u00f0endur: Br\u00e6\u00f0urnir \u00ddngvi J\u00f3hannesson og Jakob Sm\u00e1ri J\u00f3hannesson, en \u00feeir studdust"}},"product_brand":[],"product_cat":[83],"product_tag":[],"class_list":{"0":"post-8432","1":"product","2":"type-product","3":"status-publish","4":"has-post-thumbnail","6":"product_cat-books","7":"product_shipping_class-small-en","9":"first","10":"outofstock","11":"purchasable","12":"product-type-simple"},"_links":{"self":[{"href":"https:\/\/kindart.is\/en\/wp-json\/wp\/v2\/product\/8432","targetHints":{"allow":["GET"]}}],"collection":[{"href":"https:\/\/kindart.is\/en\/wp-json\/wp\/v2\/product"}],"about":[{"href":"https:\/\/kindart.is\/en\/wp-json\/wp\/v2\/types\/product"}],"wp:featuredmedia":[{"embeddable":true,"href":"https:\/\/kindart.is\/en\/wp-json\/wp\/v2\/media\/8429"}],"wp:attachment":[{"href":"https:\/\/kindart.is\/en\/wp-json\/wp\/v2\/media?parent=8432"}],"wp:term":[{"taxonomy":"product_brand","embeddable":true,"href":"https:\/\/kindart.is\/en\/wp-json\/wp\/v2\/product_brand?post=8432"},{"taxonomy":"product_cat","embeddable":true,"href":"https:\/\/kindart.is\/en\/wp-json\/wp\/v2\/product_cat?post=8432"},{"taxonomy":"product_tag","embeddable":true,"href":"https:\/\/kindart.is\/en\/wp-json\/wp\/v2\/product_tag?post=8432"}],"curies":[{"name":"wp","href":"https:\/\/api.w.org\/{rel}","templated":true}]}}