{"id":8438,"date":"2023-09-18T08:14:13","date_gmt":"2023-09-18T08:14:13","guid":{"rendered":"https:\/\/kindart.is\/product\/folkid-sem-gat-ekki-daid\/"},"modified":"2023-09-18T08:14:13","modified_gmt":"2023-09-18T08:14:13","slug":"folkid-sem-gat-ekki-daid","status":"publish","type":"product","link":"https:\/\/kindart.is\/en\/vara\/folkid-sem-gat-ekki-daid\/","title":{"rendered":"F\u00f3lki\u00f0 sem gat ekki d\u00e1i\u00f0"},"content":{"rendered":"<p><strong>F\u00f3lki\u00f0 sem gat ekki d\u00e1i\u00f0<\/strong> er saga eftir Natalie Babbit, sem kom \u00fat \u00ed Bandar\u00edkjunum 1975, en Gyr\u00f0ir El\u00edasson \u00fe\u00fdddi \u00e1 \u00edslensku. B\u00f3kin er bundin \u00ed forlagsband, d\u00f6kkgr\u00e6nt efni, alband og saurbl\u00f6\u00f0 \u00ed sama lit. Hl\u00edf\u00f0ark\u00e1pa fylgir. Gott eintak. St\u00e6r\u00f0: 21.5 X 13 cm og 137 bls.<\/p>\n<p><strong>\u00datg\u00e1fa og prentun<\/strong>:<br \/>\nB\u00f3ka\u00fatg\u00e1fan Uppheimar, Reykjav\u00edk 2005. Prentun: WS Bookwell Ltd.<\/p>\n","protected":false},"excerpt":{"rendered":"<p>F\u00f3lki\u00f0 sem gat ekki d\u00e1i\u00f0 er saga eftir Natalie Babbit, sem kom \u00fat \u00ed Bandar\u00edkjunum 1975, en Gyr\u00f0ir El\u00edasson \u00fe\u00fdddi \u00e1 \u00edslensku. B\u00f3kin er bundin \u00ed forlagsband, d\u00f6kkgr\u00e6nt efni, alband og saurbl\u00f6\u00f0 \u00ed sama lit. Hl\u00edf\u00f0ark\u00e1pa fylgir. Gott eintak. St\u00e6r\u00f0: 21.5 X 13 cm og 137 bls. \u00datg\u00e1fa og prentun: B\u00f3ka\u00fatg\u00e1fan Uppheimar, Reykjav\u00edk 2005. Prentun: [&hellip;]<\/p>\n","protected":false},"featured_media":8435,"template":"","meta":{"slim_seo":{"title":"F\u00f3lki\u00f0 sem gat ekki d\u00e1i\u00f0 - KindArt","description":"F\u00f3lki\u00f0 sem gat ekki d\u00e1i\u00f0 er saga eftir Natalie Babbit, sem kom \u00fat \u00ed Bandar\u00edkjunum 1975, en Gyr\u00f0ir El\u00edasson \u00fe\u00fdddi \u00e1 \u00edslensku. B\u00f3kin er bundin \u00ed forlagsband, d\u00f6kk"}},"product_brand":[],"product_cat":[83],"product_tag":[],"class_list":{"0":"post-8438","1":"product","2":"type-product","3":"status-publish","4":"has-post-thumbnail","6":"product_cat-books","7":"product_shipping_class-small-en","9":"first","10":"instock","11":"purchasable","12":"product-type-simple"},"_links":{"self":[{"href":"https:\/\/kindart.is\/en\/wp-json\/wp\/v2\/product\/8438","targetHints":{"allow":["GET"]}}],"collection":[{"href":"https:\/\/kindart.is\/en\/wp-json\/wp\/v2\/product"}],"about":[{"href":"https:\/\/kindart.is\/en\/wp-json\/wp\/v2\/types\/product"}],"wp:featuredmedia":[{"embeddable":true,"href":"https:\/\/kindart.is\/en\/wp-json\/wp\/v2\/media\/8435"}],"wp:attachment":[{"href":"https:\/\/kindart.is\/en\/wp-json\/wp\/v2\/media?parent=8438"}],"wp:term":[{"taxonomy":"product_brand","embeddable":true,"href":"https:\/\/kindart.is\/en\/wp-json\/wp\/v2\/product_brand?post=8438"},{"taxonomy":"product_cat","embeddable":true,"href":"https:\/\/kindart.is\/en\/wp-json\/wp\/v2\/product_cat?post=8438"},{"taxonomy":"product_tag","embeddable":true,"href":"https:\/\/kindart.is\/en\/wp-json\/wp\/v2\/product_tag?post=8438"}],"curies":[{"name":"wp","href":"https:\/\/api.w.org\/{rel}","templated":true}]}}