{"id":8446,"date":"2023-09-18T08:17:46","date_gmt":"2023-09-18T08:17:46","guid":{"rendered":"https:\/\/kindart.is\/product\/ekki-gleyma-mer\/"},"modified":"2023-09-18T08:17:46","modified_gmt":"2023-09-18T08:17:46","slug":"ekki-gleyma-mer","status":"publish","type":"product","link":"https:\/\/kindart.is\/en\/vara\/ekki-gleyma-mer\/","title":{"rendered":"Ekki gleyma m\u00e9r"},"content":{"rendered":"<p><strong>Ekki gleyma m\u00e9r<\/strong> er minningarsaga eftir Krist\u00ednu J\u00f3hannsd\u00f3ttur fr\u00e1 \u00fev\u00ed \u00ed Kalda str\u00ed\u00f0inu. B\u00f3kin er bundin \u00ed forlagsband, gr\u00e1tt efni \u00ed Alband, saurbl\u00f6\u00f0 hv\u00edt og hl\u00edf\u00f0ark\u00e1pa fylgir. Gott eintak. St\u00e6r\u00f0: 21.6 X 13.7 cm og 283 bls.<\/p>\n<p><strong>\u00datg\u00e1fa og prentun<\/strong>:<br \/>\nB\u00f3ka\u00fatg\u00e1fan Bjartur, Reykjav\u00edk 2017. Prentun: Bookwell, Digital, Finnland.<\/p>\n","protected":false},"excerpt":{"rendered":"<p>Ekki gleyma m\u00e9r er minningarsaga eftir Krist\u00ednu J\u00f3hannsd\u00f3ttur fr\u00e1 \u00fev\u00ed \u00ed Kalda str\u00ed\u00f0inu. B\u00f3kin er bundin \u00ed forlagsband, gr\u00e1tt efni \u00ed Alband, saurbl\u00f6\u00f0 hv\u00edt og hl\u00edf\u00f0ark\u00e1pa fylgir. Gott eintak. St\u00e6r\u00f0: 21.6 X 13.7 cm og 283 bls. \u00datg\u00e1fa og prentun: B\u00f3ka\u00fatg\u00e1fan Bjartur, Reykjav\u00edk 2017. Prentun: Bookwell, Digital, Finnland.<\/p>\n","protected":false},"featured_media":8441,"template":"","meta":{"slim_seo":{"title":"Ekki gleyma m\u00e9r - KindArt","description":"Ekki gleyma m\u00e9r er minningarsaga eftir Krist\u00ednu J\u00f3hannsd\u00f3ttur fr\u00e1 \u00fev\u00ed \u00ed Kalda str\u00ed\u00f0inu. B\u00f3kin er bundin \u00ed forlagsband, gr\u00e1tt efni \u00ed Alband, saurbl\u00f6\u00f0 hv\u00edt og hl\u00ed"}},"product_brand":[],"product_cat":[83],"product_tag":[],"class_list":{"0":"post-8446","1":"product","2":"type-product","3":"status-publish","4":"has-post-thumbnail","6":"product_cat-books","7":"product_shipping_class-small-en","9":"first","10":"instock","11":"purchasable","12":"product-type-simple"},"_links":{"self":[{"href":"https:\/\/kindart.is\/en\/wp-json\/wp\/v2\/product\/8446","targetHints":{"allow":["GET"]}}],"collection":[{"href":"https:\/\/kindart.is\/en\/wp-json\/wp\/v2\/product"}],"about":[{"href":"https:\/\/kindart.is\/en\/wp-json\/wp\/v2\/types\/product"}],"wp:featuredmedia":[{"embeddable":true,"href":"https:\/\/kindart.is\/en\/wp-json\/wp\/v2\/media\/8441"}],"wp:attachment":[{"href":"https:\/\/kindart.is\/en\/wp-json\/wp\/v2\/media?parent=8446"}],"wp:term":[{"taxonomy":"product_brand","embeddable":true,"href":"https:\/\/kindart.is\/en\/wp-json\/wp\/v2\/product_brand?post=8446"},{"taxonomy":"product_cat","embeddable":true,"href":"https:\/\/kindart.is\/en\/wp-json\/wp\/v2\/product_cat?post=8446"},{"taxonomy":"product_tag","embeddable":true,"href":"https:\/\/kindart.is\/en\/wp-json\/wp\/v2\/product_tag?post=8446"}],"curies":[{"name":"wp","href":"https:\/\/api.w.org\/{rel}","templated":true}]}}