{"id":8452,"date":"2023-09-18T08:23:32","date_gmt":"2023-09-18T08:23:32","guid":{"rendered":"https:\/\/kindart.is\/product\/eden\/"},"modified":"2023-09-18T08:23:32","modified_gmt":"2023-09-18T08:23:32","slug":"eden","status":"publish","type":"product","link":"https:\/\/kindart.is\/en\/vara\/eden\/","title":{"rendered":"Eden"},"content":{"rendered":"<p><strong>Eden<\/strong>. Sk\u00e1ldsaga eftir Au\u00f0i \u00d6vu \u00d3lafsd\u00f3ttur. B\u00f3kin er bundin \u00ed forlagsband, hv\u00edtt efni. \u00c1prentu\u00f0 mynd \u00ed lit \u00e1 framhli\u00f0. Alband, saurbl\u00f6\u00f0 eru rau\u00f0 og engin hl\u00edf\u00f0ark\u00e1pa. St\u00e6r\u00f0: 21.5 X 14 cm og 226 bls + 7 au\u00f0ar. aftast.<\/p>\n<p><strong>\u00datg\u00e1fa og prentun<\/strong>:<br \/>\nB\u00f3ka\u00fatg\u00e1fan Benedikt, Reykjav\u00edk 2022. Prentun: CPI.<\/p>\n","protected":false},"excerpt":{"rendered":"<p>Eden. Sk\u00e1ldsaga eftir Au\u00f0i \u00d6vu \u00d3lafsd\u00f3ttur. B\u00f3kin er bundin \u00ed forlagsband, hv\u00edtt efni. \u00c1prentu\u00f0 mynd \u00ed lit \u00e1 framhli\u00f0. Alband, saurbl\u00f6\u00f0 eru rau\u00f0 og engin hl\u00edf\u00f0ark\u00e1pa. St\u00e6r\u00f0: 21.5 X 14 cm og 226 bls + 7 au\u00f0ar. aftast. \u00datg\u00e1fa og prentun: B\u00f3ka\u00fatg\u00e1fan Benedikt, Reykjav\u00edk 2022. Prentun: CPI.<\/p>\n","protected":false},"featured_media":8449,"template":"","meta":{"slim_seo":{"title":"Eden - KindArt","description":"Eden . Sk\u00e1ldsaga eftir Au\u00f0i \u00d6vu \u00d3lafsd\u00f3ttur. B\u00f3kin er bundin \u00ed forlagsband, hv\u00edtt efni. \u00c1prentu\u00f0 mynd \u00ed lit \u00e1 framhli\u00f0. Alband, saurbl\u00f6\u00f0 eru rau\u00f0 og engin hl\u00edf\u00f0"}},"product_brand":[],"product_cat":[83],"product_tag":[],"class_list":{"0":"post-8452","1":"product","2":"type-product","3":"status-publish","4":"has-post-thumbnail","6":"product_cat-books","7":"product_shipping_class-small-en","9":"first","10":"instock","11":"purchasable","12":"product-type-simple"},"_links":{"self":[{"href":"https:\/\/kindart.is\/en\/wp-json\/wp\/v2\/product\/8452","targetHints":{"allow":["GET"]}}],"collection":[{"href":"https:\/\/kindart.is\/en\/wp-json\/wp\/v2\/product"}],"about":[{"href":"https:\/\/kindart.is\/en\/wp-json\/wp\/v2\/types\/product"}],"wp:featuredmedia":[{"embeddable":true,"href":"https:\/\/kindart.is\/en\/wp-json\/wp\/v2\/media\/8449"}],"wp:attachment":[{"href":"https:\/\/kindart.is\/en\/wp-json\/wp\/v2\/media?parent=8452"}],"wp:term":[{"taxonomy":"product_brand","embeddable":true,"href":"https:\/\/kindart.is\/en\/wp-json\/wp\/v2\/product_brand?post=8452"},{"taxonomy":"product_cat","embeddable":true,"href":"https:\/\/kindart.is\/en\/wp-json\/wp\/v2\/product_cat?post=8452"},{"taxonomy":"product_tag","embeddable":true,"href":"https:\/\/kindart.is\/en\/wp-json\/wp\/v2\/product_tag?post=8452"}],"curies":[{"name":"wp","href":"https:\/\/api.w.org\/{rel}","templated":true}]}}