{"id":8458,"date":"2023-09-18T08:29:12","date_gmt":"2023-09-18T08:29:12","guid":{"rendered":"https:\/\/kindart.is\/product\/jatning\/"},"modified":"2023-09-18T08:29:12","modified_gmt":"2023-09-18T08:29:12","slug":"jatning","status":"publish","type":"product","link":"https:\/\/kindart.is\/en\/vara\/jatning\/","title":{"rendered":"J\u00e1tning"},"content":{"rendered":"<p><strong>J\u00e1tning<\/strong>. Sk\u00e1ldsaga eftir \u00d3laf J\u00f3hann \u00d3lafsson. B\u00f3kin er bundin \u00ed alband, br\u00fant efni. Hl\u00edf\u00f0ark\u00e1pa fylgir. Gott eintak. St\u00e6r\u00f0: 21.5 X 13.8 cm og 390 bls. D\u00f3mur:<br \/>\n* * * * * Einar Falur I. Mbl.<\/p>\n<p><strong>\u00datg\u00e1fa og prentun<\/strong>:<br \/>\nB\u00f3ka\u00fatg\u00e1fan Ver\u00f6ld, 2022 Reykjav\u00edk. Prentun: CPI \u00de\u00fdskalandi.<\/p>\n","protected":false},"excerpt":{"rendered":"<p>J\u00e1tning. Sk\u00e1ldsaga eftir \u00d3laf J\u00f3hann \u00d3lafsson. B\u00f3kin er bundin \u00ed alband, br\u00fant efni. Hl\u00edf\u00f0ark\u00e1pa fylgir. Gott eintak. St\u00e6r\u00f0: 21.5 X 13.8 cm og 390 bls. D\u00f3mur: * * * * * Einar Falur I. Mbl. \u00datg\u00e1fa og prentun: B\u00f3ka\u00fatg\u00e1fan Ver\u00f6ld, 2022 Reykjav\u00edk. Prentun: CPI \u00de\u00fdskalandi.<\/p>\n","protected":false},"featured_media":8455,"template":"","meta":{"slim_seo":{"title":"J\u00e1tning - KindArt","description":"J\u00e1tning . Sk\u00e1ldsaga eftir \u00d3laf J\u00f3hann \u00d3lafsson. B\u00f3kin er bundin \u00ed alband, br\u00fant efni. Hl\u00edf\u00f0ark\u00e1pa fylgir. Gott eintak. St\u00e6r\u00f0: 21.5 X 13.8 cm og 390 bls. D\u00f3mur:"}},"product_brand":[],"product_cat":[83],"product_tag":[],"class_list":{"0":"post-8458","1":"product","2":"type-product","3":"status-publish","4":"has-post-thumbnail","6":"product_cat-books","7":"product_shipping_class-small-en","9":"first","10":"instock","11":"purchasable","12":"product-type-simple"},"_links":{"self":[{"href":"https:\/\/kindart.is\/en\/wp-json\/wp\/v2\/product\/8458","targetHints":{"allow":["GET"]}}],"collection":[{"href":"https:\/\/kindart.is\/en\/wp-json\/wp\/v2\/product"}],"about":[{"href":"https:\/\/kindart.is\/en\/wp-json\/wp\/v2\/types\/product"}],"wp:featuredmedia":[{"embeddable":true,"href":"https:\/\/kindart.is\/en\/wp-json\/wp\/v2\/media\/8455"}],"wp:attachment":[{"href":"https:\/\/kindart.is\/en\/wp-json\/wp\/v2\/media?parent=8458"}],"wp:term":[{"taxonomy":"product_brand","embeddable":true,"href":"https:\/\/kindart.is\/en\/wp-json\/wp\/v2\/product_brand?post=8458"},{"taxonomy":"product_cat","embeddable":true,"href":"https:\/\/kindart.is\/en\/wp-json\/wp\/v2\/product_cat?post=8458"},{"taxonomy":"product_tag","embeddable":true,"href":"https:\/\/kindart.is\/en\/wp-json\/wp\/v2\/product_tag?post=8458"}],"curies":[{"name":"wp","href":"https:\/\/api.w.org\/{rel}","templated":true}]}}