{"id":8465,"date":"2023-09-18T08:32:40","date_gmt":"2023-09-18T08:32:40","guid":{"rendered":"https:\/\/kindart.is\/product\/skegg-rasputins\/"},"modified":"2023-09-18T08:32:40","modified_gmt":"2023-09-18T08:32:40","slug":"skegg-rasputins","status":"publish","type":"product","link":"https:\/\/kindart.is\/en\/vara\/skegg-rasputins\/","title":{"rendered":"Skegg Rasp\u00fat\u00edns"},"content":{"rendered":"<p><strong>Skegg Rasp\u00fat\u00edns<\/strong>. Sk\u00e1ldsaga eftir Gu\u00f0r\u00fanu Evu M\u00ednervud\u00f3ttur. B\u00f3kin er bundin \u00ed forlagsband, gr\u00e1tt efni, Alband, saurbl\u00f6\u00f0 eru hv\u00edt og hl\u00edf\u00f0ark\u00e1pa fylgir, St\u00e6r\u00f0: 21.6 X 14 cm og 317 bls.<\/p>\n<p><strong>\u00datg\u00e1fa og prentun<\/strong>:<br \/>\nB\u00f3ka\u00fatg\u00e1fan Bjartur, Reykjav\u00edk 2016. Prentun: Sandbook AB, Sv\u00ed\u00fej\u00f3\u00f0.<\/p>\n","protected":false},"excerpt":{"rendered":"<p>Skegg Rasp\u00fat\u00edns. Sk\u00e1ldsaga eftir Gu\u00f0r\u00fanu Evu M\u00ednervud\u00f3ttur. B\u00f3kin er bundin \u00ed forlagsband, gr\u00e1tt efni, Alband, saurbl\u00f6\u00f0 eru hv\u00edt og hl\u00edf\u00f0ark\u00e1pa fylgir, St\u00e6r\u00f0: 21.6 X 14 cm og 317 bls. \u00datg\u00e1fa og prentun: B\u00f3ka\u00fatg\u00e1fan Bjartur, Reykjav\u00edk 2016. Prentun: Sandbook AB, Sv\u00ed\u00fej\u00f3\u00f0.<\/p>\n","protected":false},"featured_media":8461,"template":"","meta":{"slim_seo":{"title":"Skegg Rasp\u00fat\u00edns - KindArt","description":"Skegg Rasp\u00fat\u00edns . Sk\u00e1ldsaga eftir Gu\u00f0r\u00fanu Evu M\u00ednervud\u00f3ttur. B\u00f3kin er bundin \u00ed forlagsband, gr\u00e1tt efni, Alband, saurbl\u00f6\u00f0 eru hv\u00edt og hl\u00edf\u00f0ark\u00e1pa fylgir, St\u00e6r\u00f0:"}},"product_brand":[],"product_cat":[83],"product_tag":[],"class_list":{"0":"post-8465","1":"product","2":"type-product","3":"status-publish","4":"has-post-thumbnail","6":"product_cat-books","7":"product_shipping_class-small-en","9":"first","10":"instock","11":"purchasable","12":"product-type-simple"},"_links":{"self":[{"href":"https:\/\/kindart.is\/en\/wp-json\/wp\/v2\/product\/8465","targetHints":{"allow":["GET"]}}],"collection":[{"href":"https:\/\/kindart.is\/en\/wp-json\/wp\/v2\/product"}],"about":[{"href":"https:\/\/kindart.is\/en\/wp-json\/wp\/v2\/types\/product"}],"wp:featuredmedia":[{"embeddable":true,"href":"https:\/\/kindart.is\/en\/wp-json\/wp\/v2\/media\/8461"}],"wp:attachment":[{"href":"https:\/\/kindart.is\/en\/wp-json\/wp\/v2\/media?parent=8465"}],"wp:term":[{"taxonomy":"product_brand","embeddable":true,"href":"https:\/\/kindart.is\/en\/wp-json\/wp\/v2\/product_brand?post=8465"},{"taxonomy":"product_cat","embeddable":true,"href":"https:\/\/kindart.is\/en\/wp-json\/wp\/v2\/product_cat?post=8465"},{"taxonomy":"product_tag","embeddable":true,"href":"https:\/\/kindart.is\/en\/wp-json\/wp\/v2\/product_tag?post=8465"}],"curies":[{"name":"wp","href":"https:\/\/api.w.org\/{rel}","templated":true}]}}