{"id":8471,"date":"2023-09-19T07:14:37","date_gmt":"2023-09-19T07:14:37","guid":{"rendered":"https:\/\/kindart.is\/product\/pillan\/"},"modified":"2023-09-19T07:14:37","modified_gmt":"2023-09-19T07:14:37","slug":"pillan","status":"publish","type":"product","link":"https:\/\/kindart.is\/en\/vara\/pillan\/","title":{"rendered":"Pillan"},"content":{"rendered":"<p><strong>Pillan<\/strong> \u2013 Febr\u00faarholl 1967 \u2013 Pillan er eiginlega minningarb\u00f3k hj\u00fakrunarnema vi\u00f0 Hj\u00fakrunarsk\u00f3la \u00cdslands. \u00deetta er \u00f6nnur b\u00f3kin sem var gefin \u00fat. Fyrsta b\u00f3kin kom \u00fat hj\u00e1 hollinu \u00e1 undan \u00feessu. \u00deetta er st\u00e6rsta holli\u00f0 hinga\u00f0 til. B\u00f3kin er sett \u00ed l\u00edmband og s\u00ed\u00f0an \u00ed alband, gyllt a\u00f0 framan. St\u00e6r\u00f0: 24.5 X 17.5 cm og 103 bls.<\/p>\n<p><strong>\u00datg\u00e1fa og prentun<\/strong>:<br \/>\nNefnd Frekjuhollsins (stundum nefnt Vandr\u00e6\u00f0aholli\u00f0) B\u00f3kin er fj\u00f6lritu\u00f0 \u00ed \u00f3nefndri fj\u00f6lritunarstofu, Reykjav\u00edk 1967 og bundin \u00ed B\u00f3kfelli.<\/p>\n","protected":false},"excerpt":{"rendered":"<p>Pillan \u2013 Febr\u00faarholl 1967 \u2013 Pillan er eiginlega minningarb\u00f3k hj\u00fakrunarnema vi\u00f0 Hj\u00fakrunarsk\u00f3la \u00cdslands. \u00deetta er \u00f6nnur b\u00f3kin sem var gefin \u00fat. Fyrsta b\u00f3kin kom \u00fat hj\u00e1 hollinu \u00e1 undan \u00feessu. \u00deetta er st\u00e6rsta holli\u00f0 hinga\u00f0 til. B\u00f3kin er sett \u00ed l\u00edmband og s\u00ed\u00f0an \u00ed alband, gyllt a\u00f0 framan. St\u00e6r\u00f0: 24.5 X 17.5 cm og 103 [&hellip;]<\/p>\n","protected":false},"featured_media":8468,"template":"","meta":{"slim_seo":{"title":"Pillan - KindArt","description":"Pillan \u2013 Febr\u00faarholl 1967 \u2013 Pillan er eiginlega minningarb\u00f3k hj\u00fakrunarnema vi\u00f0 Hj\u00fakrunarsk\u00f3la \u00cdslands. \u00deetta er \u00f6nnur b\u00f3kin sem var gefin \u00fat. Fyrsta b\u00f3kin kom \u00fa"}},"product_brand":[],"product_cat":[83],"product_tag":[],"class_list":{"0":"post-8471","1":"product","2":"type-product","3":"status-publish","4":"has-post-thumbnail","6":"product_cat-books","7":"product_shipping_class-small-en","9":"first","10":"instock","11":"purchasable","12":"product-type-simple"},"_links":{"self":[{"href":"https:\/\/kindart.is\/en\/wp-json\/wp\/v2\/product\/8471","targetHints":{"allow":["GET"]}}],"collection":[{"href":"https:\/\/kindart.is\/en\/wp-json\/wp\/v2\/product"}],"about":[{"href":"https:\/\/kindart.is\/en\/wp-json\/wp\/v2\/types\/product"}],"wp:featuredmedia":[{"embeddable":true,"href":"https:\/\/kindart.is\/en\/wp-json\/wp\/v2\/media\/8468"}],"wp:attachment":[{"href":"https:\/\/kindart.is\/en\/wp-json\/wp\/v2\/media?parent=8471"}],"wp:term":[{"taxonomy":"product_brand","embeddable":true,"href":"https:\/\/kindart.is\/en\/wp-json\/wp\/v2\/product_brand?post=8471"},{"taxonomy":"product_cat","embeddable":true,"href":"https:\/\/kindart.is\/en\/wp-json\/wp\/v2\/product_cat?post=8471"},{"taxonomy":"product_tag","embeddable":true,"href":"https:\/\/kindart.is\/en\/wp-json\/wp\/v2\/product_tag?post=8471"}],"curies":[{"name":"wp","href":"https:\/\/api.w.org\/{rel}","templated":true}]}}