{"id":8477,"date":"2023-09-19T07:18:16","date_gmt":"2023-09-19T07:18:16","guid":{"rendered":"https:\/\/kindart.is\/product\/um-timann-og-vatnid\/"},"modified":"2023-09-19T07:18:16","modified_gmt":"2023-09-19T07:18:16","slug":"um-timann-og-vatnid","status":"publish","type":"product","link":"https:\/\/kindart.is\/en\/vara\/um-timann-og-vatnid\/","title":{"rendered":"Um t\u00edmann og vatni\u00f0"},"content":{"rendered":"<p><strong>Um t\u00edmann og vatni\u00f0<\/strong> eftir Andra Sn\u00e6 Magnason. H\u00e9r gerir Andri atl\u00f6gu a\u00f0 loftslagsm\u00e1lunum, st\u00e6rsta vi\u00f0fangsefni jar\u00f0arb\u00faa um \u00feessar mundir. B\u00f3kin er bundin \u00ed forlagsband, hv\u00edtleitt plastefni me\u00f0 innanbrotum, gr\u00e1bl\u00e1 saurbl\u00f6\u00f0. St\u00e6r\u00f0: 21.5 X 14.2 cm og 320 bls.<\/p>\n<p><strong>\u00datg\u00e1fa og prentun<\/strong>:<br \/>\nM\u00e1l og menning, Reykjav\u00edk, 2019. Prentun: CPI books, GmbH Leck, \u00de\u00fdskalandi.<\/p>\n","protected":false},"excerpt":{"rendered":"<p>Um t\u00edmann og vatni\u00f0 eftir Andra Sn\u00e6 Magnason. H\u00e9r gerir Andri atl\u00f6gu a\u00f0 loftslagsm\u00e1lunum, st\u00e6rsta vi\u00f0fangsefni jar\u00f0arb\u00faa um \u00feessar mundir. B\u00f3kin er bundin \u00ed forlagsband, hv\u00edtleitt plastefni me\u00f0 innanbrotum, gr\u00e1bl\u00e1 saurbl\u00f6\u00f0. St\u00e6r\u00f0: 21.5 X 14.2 cm og 320 bls. \u00datg\u00e1fa og prentun: M\u00e1l og menning, Reykjav\u00edk, 2019. Prentun: CPI books, GmbH Leck, \u00de\u00fdskalandi.<\/p>\n","protected":false},"featured_media":8474,"template":"","meta":{"slim_seo":{"title":"Um t\u00edmann og vatni\u00f0 - KindArt","description":"Um t\u00edmann og vatni\u00f0 eftir Andra Sn\u00e6 Magnason. H\u00e9r gerir Andri atl\u00f6gu a\u00f0 loftslagsm\u00e1lunum, st\u00e6rsta vi\u00f0fangsefni jar\u00f0arb\u00faa um \u00feessar mundir. B\u00f3kin er bundin \u00ed for"}},"product_brand":[],"product_cat":[83],"product_tag":[],"class_list":{"0":"post-8477","1":"product","2":"type-product","3":"status-publish","4":"has-post-thumbnail","6":"product_cat-books","7":"product_shipping_class-small-en","9":"first","10":"outofstock","11":"purchasable","12":"product-type-simple"},"_links":{"self":[{"href":"https:\/\/kindart.is\/en\/wp-json\/wp\/v2\/product\/8477","targetHints":{"allow":["GET"]}}],"collection":[{"href":"https:\/\/kindart.is\/en\/wp-json\/wp\/v2\/product"}],"about":[{"href":"https:\/\/kindart.is\/en\/wp-json\/wp\/v2\/types\/product"}],"wp:featuredmedia":[{"embeddable":true,"href":"https:\/\/kindart.is\/en\/wp-json\/wp\/v2\/media\/8474"}],"wp:attachment":[{"href":"https:\/\/kindart.is\/en\/wp-json\/wp\/v2\/media?parent=8477"}],"wp:term":[{"taxonomy":"product_brand","embeddable":true,"href":"https:\/\/kindart.is\/en\/wp-json\/wp\/v2\/product_brand?post=8477"},{"taxonomy":"product_cat","embeddable":true,"href":"https:\/\/kindart.is\/en\/wp-json\/wp\/v2\/product_cat?post=8477"},{"taxonomy":"product_tag","embeddable":true,"href":"https:\/\/kindart.is\/en\/wp-json\/wp\/v2\/product_tag?post=8477"}],"curies":[{"name":"wp","href":"https:\/\/api.w.org\/{rel}","templated":true}]}}