{"id":8483,"date":"2023-09-19T13:22:22","date_gmt":"2023-09-19T13:22:22","guid":{"rendered":"https:\/\/kindart.is\/product\/silungsveidi-i-ameriku\/"},"modified":"2023-09-19T13:22:22","modified_gmt":"2023-09-19T13:22:22","slug":"silungsveidi-i-ameriku","status":"publish","type":"product","link":"https:\/\/kindart.is\/en\/vara\/silungsveidi-i-ameriku\/","title":{"rendered":"Silungsvei\u00f0i \u00ed Amer\u00edku"},"content":{"rendered":"<p><strong>Silungsvei\u00f0i \u00ed Amer\u00edku<\/strong> eftir Richard Brautigan, \u00fe\u00fddd af Gyr\u00f0i El\u00edassyni. Gyr\u00f0ir skrifar um Richard Brautigan \u00ed eftirm\u00e1la, en \u00feessi b\u00f3k var\u00f0 undir eins mets\u00f6lub\u00f3k \u00feegar h\u00fan kom \u00fat \u00ed San Francisco \u00e1ri\u00f0 1967. B\u00f3kin er saumheft og l\u00edmd \u00ed sterklega k\u00e1pu. St\u00e6r\u00f0: 21 X 13.8 cm og 184 bls.<\/p>\n<p><strong>\u00datg\u00e1fa og prentun<\/strong>:<br \/>\nH\u00f6rpu\u00fatg\u00e1fan Akranes, 1992. Prentun: Prentsmi\u00f0jan Oddi.<\/p>\n","protected":false},"excerpt":{"rendered":"<p>Silungsvei\u00f0i \u00ed Amer\u00edku eftir Richard Brautigan, \u00fe\u00fddd af Gyr\u00f0i El\u00edassyni. Gyr\u00f0ir skrifar um Richard Brautigan \u00ed eftirm\u00e1la, en \u00feessi b\u00f3k var\u00f0 undir eins mets\u00f6lub\u00f3k \u00feegar h\u00fan kom \u00fat \u00ed San Francisco \u00e1ri\u00f0 1967. B\u00f3kin er saumheft og l\u00edmd \u00ed sterklega k\u00e1pu. St\u00e6r\u00f0: 21 X 13.8 cm og 184 bls. \u00datg\u00e1fa og prentun: H\u00f6rpu\u00fatg\u00e1fan Akranes, 1992. [&hellip;]<\/p>\n","protected":false},"featured_media":8480,"template":"","meta":{"slim_seo":{"title":"Silungsvei\u00f0i \u00ed Amer\u00edku - KindArt","description":"Silungsvei\u00f0i \u00ed Amer\u00edku eftir Richard Brautigan, \u00fe\u00fddd af Gyr\u00f0i El\u00edassyni. Gyr\u00f0ir skrifar um Richard Brautigan \u00ed eftirm\u00e1la, en \u00feessi b\u00f3k var\u00f0 undir eins mets\u00f6lub\u00f3"}},"product_brand":[],"product_cat":[83],"product_tag":[],"class_list":{"0":"post-8483","1":"product","2":"type-product","3":"status-publish","4":"has-post-thumbnail","6":"product_cat-books","7":"product_shipping_class-small-en","9":"first","10":"outofstock","11":"purchasable","12":"product-type-simple"},"_links":{"self":[{"href":"https:\/\/kindart.is\/en\/wp-json\/wp\/v2\/product\/8483","targetHints":{"allow":["GET"]}}],"collection":[{"href":"https:\/\/kindart.is\/en\/wp-json\/wp\/v2\/product"}],"about":[{"href":"https:\/\/kindart.is\/en\/wp-json\/wp\/v2\/types\/product"}],"wp:featuredmedia":[{"embeddable":true,"href":"https:\/\/kindart.is\/en\/wp-json\/wp\/v2\/media\/8480"}],"wp:attachment":[{"href":"https:\/\/kindart.is\/en\/wp-json\/wp\/v2\/media?parent=8483"}],"wp:term":[{"taxonomy":"product_brand","embeddable":true,"href":"https:\/\/kindart.is\/en\/wp-json\/wp\/v2\/product_brand?post=8483"},{"taxonomy":"product_cat","embeddable":true,"href":"https:\/\/kindart.is\/en\/wp-json\/wp\/v2\/product_cat?post=8483"},{"taxonomy":"product_tag","embeddable":true,"href":"https:\/\/kindart.is\/en\/wp-json\/wp\/v2\/product_tag?post=8483"}],"curies":[{"name":"wp","href":"https:\/\/api.w.org\/{rel}","templated":true}]}}