{"id":8491,"date":"2023-09-19T13:27:46","date_gmt":"2023-09-19T13:27:46","guid":{"rendered":"https:\/\/kindart.is\/product\/leyndarmal-steinsins\/"},"modified":"2023-09-19T13:27:46","modified_gmt":"2023-09-19T13:27:46","slug":"leyndarmal-steinsins","status":"publish","type":"product","link":"https:\/\/kindart.is\/en\/vara\/leyndarmal-steinsins\/","title":{"rendered":"Leyndarm\u00e1l steinsins"},"content":{"rendered":"<p><strong>Leyndarm\u00e1l steinsins<\/strong>. Lj\u00f3\u00f0ab\u00f3k eftir Hafstein Stef\u00e1nsson. Hann var sj\u00f3ma\u00f0ur \u00e1 Eskifir\u00f0i og \u00ed Vestmannaeyjum fr\u00e1 1943, en \u00e1tti heima \u00e1 Selfossi seinustu \u00e1r \u00e6vi sinnar. Gu\u00f0mundur G. \u00de\u00f3rarinsson ritar nokkur or\u00f0 um h\u00f6fundinn. Efnisyfirlit er aftast. B\u00f3kin er bundin \u00ed d\u00f6kkbl\u00e1tt efni, alband. St\u00e6r\u00f0: 21.7 X 14 cm og 176 bls.<\/p>\n<p><strong>\u00datg\u00e1fa og prentun<\/strong>:<br \/>\n\u00datgefandi: Sk\u00e1kprent, Reykjav\u00edk, 1976. Prentun: Sk\u00e1kprent.<\/p>\n","protected":false},"excerpt":{"rendered":"<p>Leyndarm\u00e1l steinsins. Lj\u00f3\u00f0ab\u00f3k eftir Hafstein Stef\u00e1nsson. Hann var sj\u00f3ma\u00f0ur \u00e1 Eskifir\u00f0i og \u00ed Vestmannaeyjum fr\u00e1 1943, en \u00e1tti heima \u00e1 Selfossi seinustu \u00e1r \u00e6vi sinnar. Gu\u00f0mundur G. \u00de\u00f3rarinsson ritar nokkur or\u00f0 um h\u00f6fundinn. Efnisyfirlit er aftast. B\u00f3kin er bundin \u00ed d\u00f6kkbl\u00e1tt efni, alband. St\u00e6r\u00f0: 21.7 X 14 cm og 176 bls. \u00datg\u00e1fa og prentun: \u00datgefandi: [&hellip;]<\/p>\n","protected":false},"featured_media":8486,"template":"","meta":{"slim_seo":{"title":"Leyndarm\u00e1l steinsins - KindArt","description":"Leyndarm\u00e1l steinsins . Lj\u00f3\u00f0ab\u00f3k eftir Hafstein Stef\u00e1nsson. Hann var sj\u00f3ma\u00f0ur \u00e1 Eskifir\u00f0i og \u00ed Vestmannaeyjum fr\u00e1 1943, en \u00e1tti heima \u00e1 Selfossi seinustu \u00e1r \u00e6vi"}},"product_brand":[],"product_cat":[83],"product_tag":[],"class_list":{"0":"post-8491","1":"product","2":"type-product","3":"status-publish","4":"has-post-thumbnail","6":"product_cat-books","7":"product_shipping_class-small-en","9":"first","10":"instock","11":"purchasable","12":"product-type-simple"},"_links":{"self":[{"href":"https:\/\/kindart.is\/en\/wp-json\/wp\/v2\/product\/8491","targetHints":{"allow":["GET"]}}],"collection":[{"href":"https:\/\/kindart.is\/en\/wp-json\/wp\/v2\/product"}],"about":[{"href":"https:\/\/kindart.is\/en\/wp-json\/wp\/v2\/types\/product"}],"wp:featuredmedia":[{"embeddable":true,"href":"https:\/\/kindart.is\/en\/wp-json\/wp\/v2\/media\/8486"}],"wp:attachment":[{"href":"https:\/\/kindart.is\/en\/wp-json\/wp\/v2\/media?parent=8491"}],"wp:term":[{"taxonomy":"product_brand","embeddable":true,"href":"https:\/\/kindart.is\/en\/wp-json\/wp\/v2\/product_brand?post=8491"},{"taxonomy":"product_cat","embeddable":true,"href":"https:\/\/kindart.is\/en\/wp-json\/wp\/v2\/product_cat?post=8491"},{"taxonomy":"product_tag","embeddable":true,"href":"https:\/\/kindart.is\/en\/wp-json\/wp\/v2\/product_tag?post=8491"}],"curies":[{"name":"wp","href":"https:\/\/api.w.org\/{rel}","templated":true}]}}