{"id":8499,"date":"2023-09-19T13:32:58","date_gmt":"2023-09-19T13:32:58","guid":{"rendered":"https:\/\/kindart.is\/product\/skud\/"},"modified":"2023-09-19T13:32:58","modified_gmt":"2023-09-19T13:32:58","slug":"skud","status":"publish","type":"product","link":"https:\/\/kindart.is\/en\/vara\/skud\/","title":{"rendered":"Skud"},"content":{"rendered":"<p><strong>Skud<\/strong> \u2013 24 nye erotiske fort\u00e6llinger. B\u00f3kin er kilja og framleidd \u00ed fj\u00f6ldaframleislu \u00ed s\u00e9rstakri kilju-v\u00e9l, sem l\u00edmheftir hana og setur \u00ed k\u00e1pu. St\u00e6r\u00f0: 20 X 12.1 cm og 278 bls.<\/p>\n<p><strong>\u00datg\u00e1fa og prentun<\/strong>:<br \/>\n\u00datgefandi: Aschehoug, 2.\u00fatg\u00e1fa. Printed in Denmark 1995.<\/p>\n","protected":false},"excerpt":{"rendered":"<p>Skud \u2013 24 nye erotiske fort\u00e6llinger. B\u00f3kin er kilja og framleidd \u00ed fj\u00f6ldaframleislu \u00ed s\u00e9rstakri kilju-v\u00e9l, sem l\u00edmheftir hana og setur \u00ed k\u00e1pu. St\u00e6r\u00f0: 20 X 12.1 cm og 278 bls. \u00datg\u00e1fa og prentun: \u00datgefandi: Aschehoug, 2.\u00fatg\u00e1fa. Printed in Denmark 1995.<\/p>\n","protected":false},"featured_media":8494,"template":"","meta":{"slim_seo":{"title":"Skud - KindArt","description":"Skud \u2013 24 nye erotiske fort\u00e6llinger. B\u00f3kin er kilja og framleidd \u00ed fj\u00f6ldaframleislu \u00ed s\u00e9rstakri kilju-v\u00e9l, sem l\u00edmheftir hana og setur \u00ed k\u00e1pu. St\u00e6r\u00f0: 20 X 12.1"}},"product_brand":[],"product_cat":[83],"product_tag":[],"class_list":{"0":"post-8499","1":"product","2":"type-product","3":"status-publish","4":"has-post-thumbnail","6":"product_cat-books","7":"product_shipping_class-small-en","9":"first","10":"instock","11":"purchasable","12":"product-type-simple"},"_links":{"self":[{"href":"https:\/\/kindart.is\/en\/wp-json\/wp\/v2\/product\/8499","targetHints":{"allow":["GET"]}}],"collection":[{"href":"https:\/\/kindart.is\/en\/wp-json\/wp\/v2\/product"}],"about":[{"href":"https:\/\/kindart.is\/en\/wp-json\/wp\/v2\/types\/product"}],"wp:featuredmedia":[{"embeddable":true,"href":"https:\/\/kindart.is\/en\/wp-json\/wp\/v2\/media\/8494"}],"wp:attachment":[{"href":"https:\/\/kindart.is\/en\/wp-json\/wp\/v2\/media?parent=8499"}],"wp:term":[{"taxonomy":"product_brand","embeddable":true,"href":"https:\/\/kindart.is\/en\/wp-json\/wp\/v2\/product_brand?post=8499"},{"taxonomy":"product_cat","embeddable":true,"href":"https:\/\/kindart.is\/en\/wp-json\/wp\/v2\/product_cat?post=8499"},{"taxonomy":"product_tag","embeddable":true,"href":"https:\/\/kindart.is\/en\/wp-json\/wp\/v2\/product_tag?post=8499"}],"curies":[{"name":"wp","href":"https:\/\/api.w.org\/{rel}","templated":true}]}}