{"id":8507,"date":"2023-09-20T10:01:47","date_gmt":"2023-09-20T10:01:47","guid":{"rendered":"https:\/\/kindart.is\/product\/skaldid-og-astin\/"},"modified":"2023-09-20T10:01:47","modified_gmt":"2023-09-20T10:01:47","slug":"skaldid-og-astin","status":"publish","type":"product","link":"https:\/\/kindart.is\/en\/vara\/skaldid-og-astin\/","title":{"rendered":"Sk\u00e1ldi\u00f0 og \u00e1stin"},"content":{"rendered":"<p><strong>Sk\u00e1ldi\u00f0 og \u00e1stin<\/strong>. Halld\u00f3r Kiljan Laxness: Br\u00e9f til Ingu 1927-1939. Einar Laxness og Halld\u00f3r Gu\u00f0mundsson bjuggu til prentunar. B\u00f3kin er bundin \u00ed br\u00fant efni, alband, gyllt \u00e1 kj\u00f6l me\u00f0 hl\u00edf\u00f0ark\u00e1pu. St\u00e6r\u00f0: 23.6 X 15.6 cm og 311 bls.<\/p>\n<p><strong>\u00datg\u00e1fa og prentun<\/strong>:<br \/>\n\u00datgefandi: JPV \u00fatg\u00e1fa, Reykjav\u00edk 2011. Prentun Prentsmi\u00f0jan Oddi.<\/p>\n","protected":false},"excerpt":{"rendered":"<p>Sk\u00e1ldi\u00f0 og \u00e1stin. Halld\u00f3r Kiljan Laxness: Br\u00e9f til Ingu 1927-1939. Einar Laxness og Halld\u00f3r Gu\u00f0mundsson bjuggu til prentunar. B\u00f3kin er bundin \u00ed br\u00fant efni, alband, gyllt \u00e1 kj\u00f6l me\u00f0 hl\u00edf\u00f0ark\u00e1pu. St\u00e6r\u00f0: 23.6 X 15.6 cm og 311 bls. \u00datg\u00e1fa og prentun: \u00datgefandi: JPV \u00fatg\u00e1fa, Reykjav\u00edk 2011. Prentun Prentsmi\u00f0jan Oddi.<\/p>\n","protected":false},"featured_media":8502,"template":"","meta":{"slim_seo":{"title":"Sk\u00e1ldi\u00f0 og \u00e1stin - KindArt","description":"Sk\u00e1ldi\u00f0 og \u00e1stin . Halld\u00f3r Kiljan Laxness: Br\u00e9f til Ingu 1927-1939. Einar Laxness og Halld\u00f3r Gu\u00f0mundsson bjuggu til prentunar. B\u00f3kin er bundin \u00ed br\u00fant efni, alb"}},"product_brand":[],"product_cat":[83],"product_tag":[],"class_list":{"0":"post-8507","1":"product","2":"type-product","3":"status-publish","4":"has-post-thumbnail","6":"product_cat-books","7":"product_shipping_class-small-en","9":"first","10":"instock","11":"purchasable","12":"product-type-simple"},"_links":{"self":[{"href":"https:\/\/kindart.is\/en\/wp-json\/wp\/v2\/product\/8507","targetHints":{"allow":["GET"]}}],"collection":[{"href":"https:\/\/kindart.is\/en\/wp-json\/wp\/v2\/product"}],"about":[{"href":"https:\/\/kindart.is\/en\/wp-json\/wp\/v2\/types\/product"}],"wp:featuredmedia":[{"embeddable":true,"href":"https:\/\/kindart.is\/en\/wp-json\/wp\/v2\/media\/8502"}],"wp:attachment":[{"href":"https:\/\/kindart.is\/en\/wp-json\/wp\/v2\/media?parent=8507"}],"wp:term":[{"taxonomy":"product_brand","embeddable":true,"href":"https:\/\/kindart.is\/en\/wp-json\/wp\/v2\/product_brand?post=8507"},{"taxonomy":"product_cat","embeddable":true,"href":"https:\/\/kindart.is\/en\/wp-json\/wp\/v2\/product_cat?post=8507"},{"taxonomy":"product_tag","embeddable":true,"href":"https:\/\/kindart.is\/en\/wp-json\/wp\/v2\/product_tag?post=8507"}],"curies":[{"name":"wp","href":"https:\/\/api.w.org\/{rel}","templated":true}]}}