{"id":8517,"date":"2023-09-20T10:06:42","date_gmt":"2023-09-20T10:06:42","guid":{"rendered":"https:\/\/kindart.is\/product\/eg-skrifadi-mig-i-tugthusid\/"},"modified":"2023-09-20T10:06:42","modified_gmt":"2023-09-20T10:06:42","slug":"eg-skrifadi-mig-i-tugthusid","status":"publish","type":"product","link":"https:\/\/kindart.is\/en\/vara\/eg-skrifadi-mig-i-tugthusid\/","title":{"rendered":"\u00c9g skrifa\u00f0i mig \u00ed tugth\u00fasi\u00f0"},"content":{"rendered":"<p><strong>\u00c9g skrifa\u00f0i mig \u00ed tugth\u00fasi\u00f0<\/strong>. H\u00f6fundur: Gylfi Gr\u00f6ndal. Valdimar J\u00f3hannsson segir fr\u00e1 en hann var fyrsti forma\u00f0ur \u00dej\u00f3\u00f0varnarflokksins og var d\u00e6mdur \u00ed tugth\u00fas fyrir landr\u00e1\u00f0. B\u00f3kin var bundin \u00ed forlagsband, svart efni, alband og gyllt \u00e1 kj\u00f6l me\u00f0 rau\u00f0um feldum. B\u00f3kin er 24.5 X 17.8 cm og 260 bls. Gott eintak me\u00f0 hl\u00edf\u00f0ark\u00e1pu.<\/p>\n<p><strong>\u00datg\u00e1fa og prentun<\/strong>:<br \/>\n\u00datgefandi: Forlagi\u00f0, Reykjav\u00edk 1991. Prentun. Prentun: Prentsmi\u00f0jan Oddi.<\/p>\n","protected":false},"excerpt":{"rendered":"<p>\u00c9g skrifa\u00f0i mig \u00ed tugth\u00fasi\u00f0. H\u00f6fundur: Gylfi Gr\u00f6ndal. Valdimar J\u00f3hannsson segir fr\u00e1 en hann var fyrsti forma\u00f0ur \u00dej\u00f3\u00f0varnarflokksins og var d\u00e6mdur \u00ed tugth\u00fas fyrir landr\u00e1\u00f0. B\u00f3kin var bundin \u00ed forlagsband, svart efni, alband og gyllt \u00e1 kj\u00f6l me\u00f0 rau\u00f0um feldum. B\u00f3kin er 24.5 X 17.8 cm og 260 bls. Gott eintak me\u00f0 hl\u00edf\u00f0ark\u00e1pu. \u00datg\u00e1fa og [&hellip;]<\/p>\n","protected":false},"featured_media":8510,"template":"","meta":{"slim_seo":{"title":"\u00c9g skrifa\u00f0i mig \u00ed tugth\u00fasi\u00f0 - KindArt","description":"\u00c9g skrifa\u00f0i mig \u00ed tugth\u00fasi\u00f0 . H\u00f6fundur: Gylfi Gr\u00f6ndal. Valdimar J\u00f3hannsson segir fr\u00e1 en hann var fyrsti forma\u00f0ur \u00dej\u00f3\u00f0varnarflokksins og var d\u00e6mdur \u00ed tugth\u00fas fyr"}},"product_brand":[],"product_cat":[83],"product_tag":[],"class_list":{"0":"post-8517","1":"product","2":"type-product","3":"status-publish","4":"has-post-thumbnail","6":"product_cat-books","7":"product_shipping_class-small-en","9":"first","10":"outofstock","11":"purchasable","12":"product-type-simple"},"_links":{"self":[{"href":"https:\/\/kindart.is\/en\/wp-json\/wp\/v2\/product\/8517","targetHints":{"allow":["GET"]}}],"collection":[{"href":"https:\/\/kindart.is\/en\/wp-json\/wp\/v2\/product"}],"about":[{"href":"https:\/\/kindart.is\/en\/wp-json\/wp\/v2\/types\/product"}],"wp:featuredmedia":[{"embeddable":true,"href":"https:\/\/kindart.is\/en\/wp-json\/wp\/v2\/media\/8510"}],"wp:attachment":[{"href":"https:\/\/kindart.is\/en\/wp-json\/wp\/v2\/media?parent=8517"}],"wp:term":[{"taxonomy":"product_brand","embeddable":true,"href":"https:\/\/kindart.is\/en\/wp-json\/wp\/v2\/product_brand?post=8517"},{"taxonomy":"product_cat","embeddable":true,"href":"https:\/\/kindart.is\/en\/wp-json\/wp\/v2\/product_cat?post=8517"},{"taxonomy":"product_tag","embeddable":true,"href":"https:\/\/kindart.is\/en\/wp-json\/wp\/v2\/product_tag?post=8517"}],"curies":[{"name":"wp","href":"https:\/\/api.w.org\/{rel}","templated":true}]}}