{"id":8523,"date":"2023-09-23T07:14:24","date_gmt":"2023-09-23T07:14:24","guid":{"rendered":"https:\/\/kindart.is\/product\/um-sumarkvold\/"},"modified":"2023-09-23T07:14:24","modified_gmt":"2023-09-23T07:14:24","slug":"um-sumarkvold","status":"publish","type":"product","link":"https:\/\/kindart.is\/en\/vara\/um-sumarkvold\/","title":{"rendered":"Um sumarkv\u00f6ld"},"content":{"rendered":"<p><strong>Um sumarkv\u00f6ld<\/strong>. Barnas\u00f6gur eftir \u00d3laf J\u00f3hann Sigur\u00f0sson.<br \/>\nMyndir eftir Tryggva Magn\u00fasson, teiknara og listm\u00e1lara. B\u00f3kin er \u00f3bundin, \u00ed \u00f6rkum, \u00f3saumu\u00f0, en tilb\u00fain til innbindingar. St\u00e6r\u00f0: 17.9 X12.2 cm og 174 bls. Efnisyfirlit og augl\u00fdsingar aftast.<\/p>\n<p><strong>\u00datg\u00e1fa og prentun<\/strong>:<br \/>\n\u00datgefandi: \u00d3lafur Ertlingsson Reykjav\u00edk 1935. Prentsmi\u00f0ju ekki geti\u00f0.<\/p>\n","protected":false},"excerpt":{"rendered":"<p>Um sumarkv\u00f6ld. Barnas\u00f6gur eftir \u00d3laf J\u00f3hann Sigur\u00f0sson. Myndir eftir Tryggva Magn\u00fasson, teiknara og listm\u00e1lara. B\u00f3kin er \u00f3bundin, \u00ed \u00f6rkum, \u00f3saumu\u00f0, en tilb\u00fain til innbindingar. St\u00e6r\u00f0: 17.9 X12.2 cm og 174 bls. Efnisyfirlit og augl\u00fdsingar aftast. \u00datg\u00e1fa og prentun: \u00datgefandi: \u00d3lafur Ertlingsson Reykjav\u00edk 1935. Prentsmi\u00f0ju ekki geti\u00f0.<\/p>\n","protected":false},"featured_media":8520,"template":"","meta":{"slim_seo":{"title":"Um sumarkv\u00f6ld - KindArt","description":"Um sumarkv\u00f6ld . Barnas\u00f6gur eftir \u00d3laf J\u00f3hann Sigur\u00f0sson. Myndir eftir Tryggva Magn\u00fasson, teiknara og listm\u00e1lara. B\u00f3kin er \u00f3bundin, \u00ed \u00f6rkum, \u00f3saumu\u00f0, en tilb\u00fain"}},"product_brand":[],"product_cat":[83],"product_tag":[],"class_list":{"0":"post-8523","1":"product","2":"type-product","3":"status-publish","4":"has-post-thumbnail","6":"product_cat-books","7":"product_shipping_class-small-en","9":"first","10":"instock","11":"purchasable","12":"product-type-simple"},"_links":{"self":[{"href":"https:\/\/kindart.is\/en\/wp-json\/wp\/v2\/product\/8523","targetHints":{"allow":["GET"]}}],"collection":[{"href":"https:\/\/kindart.is\/en\/wp-json\/wp\/v2\/product"}],"about":[{"href":"https:\/\/kindart.is\/en\/wp-json\/wp\/v2\/types\/product"}],"wp:featuredmedia":[{"embeddable":true,"href":"https:\/\/kindart.is\/en\/wp-json\/wp\/v2\/media\/8520"}],"wp:attachment":[{"href":"https:\/\/kindart.is\/en\/wp-json\/wp\/v2\/media?parent=8523"}],"wp:term":[{"taxonomy":"product_brand","embeddable":true,"href":"https:\/\/kindart.is\/en\/wp-json\/wp\/v2\/product_brand?post=8523"},{"taxonomy":"product_cat","embeddable":true,"href":"https:\/\/kindart.is\/en\/wp-json\/wp\/v2\/product_cat?post=8523"},{"taxonomy":"product_tag","embeddable":true,"href":"https:\/\/kindart.is\/en\/wp-json\/wp\/v2\/product_tag?post=8523"}],"curies":[{"name":"wp","href":"https:\/\/api.w.org\/{rel}","templated":true}]}}